{"id":2719,"date":"2025-01-08T14:10:20","date_gmt":"2025-01-08T14:10:20","guid":{"rendered":"https:\/\/reverent-banzai.185-221-174-234.plesk.page\/products\/impianti\/linea-omega\/"},"modified":"2025-01-17T12:34:17","modified_gmt":"2025-01-17T12:34:17","slug":"omega-line","status":"publish","type":"page","link":"https:\/\/normadent.com\/en\/products\/implants\/omega-line\/","title":{"rendered":"Omega Line"},"content":{"rendered":"\t\t<div data-elementor-type=\"wp-page\" data-elementor-id=\"2719\" class=\"elementor elementor-2719 elementor-2616\" data-elementor-post-type=\"page\">\n\t\t\t\t<div class=\"elementor-element elementor-element-0350f56 e-con-full e-flex e-con e-parent\" data-id=\"0350f56\" data-element_type=\"container\" data-settings=\"{&quot;background_background&quot;:&quot;classic&quot;}\">\n\t\t\t\t<div class=\"elementor-element elementor-element-0a6d404 elementor-widget elementor-widget-spacer\" data-id=\"0a6d404\" data-element_type=\"widget\" data-widget_type=\"spacer.default\">\n\t\t\t\t\t\t\t<div class=\"elementor-spacer\">\n\t\t\t<div class=\"elementor-spacer-inner\"><\/div>\n\t\t<\/div>\n\t\t\t\t\t\t<\/div>\n\t\t\t\t<\/div>\n\t\t<div class=\"elementor-element elementor-element-3b00f16 e-con-full e-flex e-con e-parent\" data-id=\"3b00f16\" data-element_type=\"container\">\n\t\t<div class=\"elementor-element elementor-element-a1c1037 e-con-full e-flex elementor-invisible e-con e-child\" data-id=\"a1c1037\" data-element_type=\"container\" data-settings=\"{&quot;animation&quot;:&quot;fadeInLeft&quot;}\">\n\t\t\t\t<div class=\"elementor-element elementor-element-703f01d elementor-widget elementor-widget-heading\" data-id=\"703f01d\" data-element_type=\"widget\" data-widget_type=\"heading.default\">\n\t\t\t\t\t<h1 class=\"elementor-heading-title elementor-size-default\">Omega Line<\/h1>\t\t\t\t<\/div>\n\t\t<div class=\"elementor-element elementor-element-c168f2a e-con-full e-flex elementor-invisible e-con e-child\" data-id=\"c168f2a\" data-element_type=\"container\" data-settings=\"{&quot;animation&quot;:&quot;fadeInRight&quot;}\">\n\t\t\t\t<div class=\"elementor-element elementor-element-b19e404 elementor-widget elementor-widget-heading\" data-id=\"b19e404\" data-element_type=\"widget\" data-widget_type=\"heading.default\">\n\t\t\t\t\t<p class=\"elementor-heading-title elementor-size-default\">RAW material\n<\/p>\t\t\t\t<\/div>\n\t\t\t\t<div class=\"elementor-element elementor-element-fc080b1 elementor-widget elementor-widget-text-editor\" data-id=\"fc080b1\" data-element_type=\"widget\" data-widget_type=\"text-editor.default\">\n\t\t\t\t\t\t\t\t\t<p><span style=\"font-weight: 400;\">Omega made from Gr. 4 medical titanium\u00a0<\/span><\/p>\t\t\t\t\t\t\t\t<\/div>\n\t\t\t\t<div class=\"elementor-element elementor-element-0324e29 elementor-widget elementor-widget-heading\" data-id=\"0324e29\" data-element_type=\"widget\" data-widget_type=\"heading.default\">\n\t\t\t\t\t<p class=\"elementor-heading-title elementor-size-default\">Surface treatment  \n<\/p>\t\t\t\t<\/div>\n\t\t\t\t<div class=\"elementor-element elementor-element-d6cd005 elementor-widget elementor-widget-text-editor\" data-id=\"d6cd005\" data-element_type=\"widget\" data-widget_type=\"text-editor.default\">\n\t\t\t\t\t\t\t\t\t<p><span style=\"font-weight: 400;\">Omega DAE a double acid etching process with Argon cleaning\u00a0<\/span><\/p>\t\t\t\t\t\t\t\t<\/div>\n\t\t\t\t<div class=\"elementor-element elementor-element-95d0b28 elementor-widget elementor-widget-heading\" data-id=\"95d0b28\" data-element_type=\"widget\" data-widget_type=\"heading.default\">\n\t\t\t\t\t<p class=\"elementor-heading-title elementor-size-default\">Connection<\/p>\t\t\t\t<\/div>\n\t\t\t\t<div class=\"elementor-element elementor-element-b1b8f7e elementor-widget elementor-widget-text-editor\" data-id=\"b1b8f7e\" data-element_type=\"widget\" data-widget_type=\"text-editor.default\">\n\t\t\t\t\t\t\t\t\t<p><span style=\"font-weight: 400;\">Omega External hexagonal connection\u00a0<\/span><\/p>\t\t\t\t\t\t\t\t<\/div>\n\t\t\t\t<div class=\"elementor-element elementor-element-425708c elementor-widget elementor-widget-heading\" data-id=\"425708c\" data-element_type=\"widget\" data-widget_type=\"heading.default\">\n\t\t\t\t\t<p class=\"elementor-heading-title elementor-size-default\">Versions<\/p>\t\t\t\t<\/div>\n\t\t\t\t<div class=\"elementor-element elementor-element-4261af6 elementor-widget elementor-widget-text-editor\" data-id=\"4261af6\" data-element_type=\"widget\" data-widget_type=\"text-editor.default\">\n\t\t\t\t\t\t\t\t\t<ul><li style=\"font-weight: 400;\" aria-level=\"1\"><span style=\"font-weight: 400;\"><strong>Diameters<\/strong>:\u00a0 \u00f83.3 &#8211; \u00f84.1 &#8211; \u00f85.0\u00a0<\/span><\/li><li style=\"font-weight: 400;\" aria-level=\"1\"><span style=\"font-weight: 400;\"><strong>Lengths<\/strong>: 10.00mm &#8211; 11.50mm &#8211; 13mm &#8211; 15mm<\/span><\/li><\/ul><p>\u00a0<\/p>\t\t\t\t\t\t\t\t<\/div>\n\t\t\t\t<\/div>\n\t\t\t\t<\/div>\n\t\t<div class=\"elementor-element elementor-element-5c652e1 e-con-full e-flex elementor-invisible e-con e-child\" data-id=\"5c652e1\" data-element_type=\"container\" data-settings=\"{&quot;animation&quot;:&quot;fadeInRight&quot;}\">\n\t\t\t\t<div class=\"elementor-element elementor-element-bbca7d8 elementor-widget elementor-widget-image\" data-id=\"bbca7d8\" data-element_type=\"widget\" data-widget_type=\"image.default\">\n\t\t\t\t\t\t\t\t\t\t\t\t\t\t\t<img fetchpriority=\"high\" decoding=\"async\" width=\"800\" height=\"800\" src=\"https:\/\/normadent.com\/wp-content\/uploads\/2025\/01\/immagine-principale-OMEGA-1024x1024.jpg\" class=\"attachment-large size-large wp-image-2619\" alt=\"\" srcset=\"https:\/\/normadent.com\/wp-content\/uploads\/2025\/01\/immagine-principale-OMEGA-1024x1024.jpg 1024w, https:\/\/normadent.com\/wp-content\/uploads\/2025\/01\/immagine-principale-OMEGA-300x300.jpg 300w, https:\/\/normadent.com\/wp-content\/uploads\/2025\/01\/immagine-principale-OMEGA-150x150.jpg 150w, https:\/\/normadent.com\/wp-content\/uploads\/2025\/01\/immagine-principale-OMEGA-768x768.jpg 768w, https:\/\/normadent.com\/wp-content\/uploads\/2025\/01\/immagine-principale-OMEGA.jpg 1080w\" sizes=\"(max-width: 800px) 100vw, 800px\" \/>\t\t\t\t\t\t\t\t\t\t\t\t\t\t\t<\/div>\n\t\t\t\t<\/div>\n\t\t\t\t<\/div>\n\t\t<div class=\"elementor-element elementor-element-f7bb7a0 e-con-full e-flex e-con e-parent\" data-id=\"f7bb7a0\" data-element_type=\"container\" data-settings=\"{&quot;background_background&quot;:&quot;classic&quot;}\">\n\t\t<div class=\"elementor-element elementor-element-4af5c43 e-con-full e-flex e-con e-child\" data-id=\"4af5c43\" data-element_type=\"container\">\n\t\t\t\t<div class=\"elementor-element elementor-element-43b2168 elementor-widget elementor-widget-heading\" data-id=\"43b2168\" data-element_type=\"widget\" data-widget_type=\"heading.default\">\n\t\t\t\t\t<p class=\"elementor-heading-title elementor-size-default\">Features<\/p>\t\t\t\t<\/div>\n\t\t\t\t<div class=\"elementor-element elementor-element-ea4353c elementor-widget elementor-widget-text-editor\" data-id=\"ea4353c\" data-element_type=\"widget\" data-widget_type=\"text-editor.default\">\n\t\t\t\t\t\t\t\t\t<ul><li style=\"font-weight: 400;\" aria-level=\"1\"><span style=\"font-weight: 400;\">Coronal portion\u00a0<\/span><ul><li><span style=\"font-weight: 400;\">Smooth and polished hexagon\u00a0<\/span><\/li><\/ul><\/li><\/ul><p>\u00a0<\/p><ul><li style=\"font-weight: 400;\" aria-level=\"1\"><span style=\"font-weight: 400;\">Morphology\u00a0<\/span><ul><li><span style=\"font-weight: 400;\">Cylindrical design <\/span><\/li><li>Milled along the entire implant body<\/li><li>High number of threads\u00a0<\/li><\/ul><\/li><\/ul><p>\u00a0<\/p><ul><li style=\"font-weight: 400;\" aria-level=\"1\"><span style=\"font-weight: 400;\">Apical part\u00a0<\/span><ul><li><span style=\"font-weight: 400;\">Flat <\/span><\/li><li>Only the \u00f83.3 ends with a cylindrical part\u00a0<\/li><\/ul><\/li><\/ul>\t\t\t\t\t\t\t\t<\/div>\n\t\t\t\t<\/div>\n\t\t<div class=\"elementor-element elementor-element-4be7e7c e-con-full e-flex elementor-invisible e-con e-child\" data-id=\"4be7e7c\" data-element_type=\"container\" data-settings=\"{&quot;animation&quot;:&quot;fadeInLeft&quot;}\">\n\t\t\t\t<div class=\"elementor-element elementor-element-ab9a50d elementor-widget elementor-widget-heading\" data-id=\"ab9a50d\" data-element_type=\"widget\" data-widget_type=\"heading.default\">\n\t\t\t\t\t<p class=\"elementor-heading-title elementor-size-default\">ADVANTAGES \n<\/p>\t\t\t\t<\/div>\n\t\t\t\t<div class=\"elementor-element elementor-element-4bfd71e elementor-widget elementor-widget-text-editor\" data-id=\"4bfd71e\" data-element_type=\"widget\" data-widget_type=\"text-editor.default\">\n\t\t\t\t\t\t\t\t\t<ul><li style=\"font-weight: 400;\" aria-level=\"1\"><span style=\"font-weight: 400;\">Coronal portion<\/span><ul><li><span style=\"font-weight: 400;\">Most versatile implant type\u00a0<\/span><\/li><\/ul><\/li><\/ul><p>\u00a0<\/p><ul><li style=\"font-weight: 400;\" aria-level=\"1\"><span style=\"font-weight: 400;\">Morphology<\/span><ul><li><span style=\"font-weight: 400;\">Self-masking implant <\/span><\/li><li>Ease of placement within limited available bone size;\u00a0<\/li><\/ul><\/li><\/ul><p>\u00a0<\/p><ul><li style=\"font-weight: 400;\" aria-level=\"1\"><span style=\"font-weight: 400;\">Apical part\u00a0<\/span><ul><li><span style=\"font-weight: 400;\">Ease of insertion\u00a0<\/span><\/li><\/ul><\/li><\/ul>\t\t\t\t\t\t\t\t<\/div>\n\t\t\t\t<\/div>\n\t\t\t\t<\/div>\n\t\t<div class=\"elementor-element elementor-element-7b3a466 e-con-full e-flex e-con e-parent\" data-id=\"7b3a466\" data-element_type=\"container\">\n\t\t<div class=\"elementor-element elementor-element-9c1060f e-con-full e-flex elementor-invisible e-con e-child\" data-id=\"9c1060f\" data-element_type=\"container\" data-settings=\"{&quot;animation&quot;:&quot;fadeInLeft&quot;}\">\n\t\t\t\t<div class=\"elementor-element elementor-element-47be734 elementor-widget elementor-widget-image\" data-id=\"47be734\" data-element_type=\"widget\" data-widget_type=\"image.default\">\n\t\t\t\t\t\t\t\t\t\t\t\t\t\t\t<img decoding=\"async\" width=\"800\" height=\"450\" src=\"https:\/\/normadent.com\/wp-content\/uploads\/2025\/01\/Omega-o33-serie-16.9-1-1024x576.jpg\" class=\"attachment-large size-large wp-image-2621\" alt=\"\" srcset=\"https:\/\/normadent.com\/wp-content\/uploads\/2025\/01\/Omega-o33-serie-16.9-1-1024x576.jpg 1024w, https:\/\/normadent.com\/wp-content\/uploads\/2025\/01\/Omega-o33-serie-16.9-1-300x169.jpg 300w, https:\/\/normadent.com\/wp-content\/uploads\/2025\/01\/Omega-o33-serie-16.9-1-768x432.jpg 768w, https:\/\/normadent.com\/wp-content\/uploads\/2025\/01\/Omega-o33-serie-16.9-1.jpg 1344w\" sizes=\"(max-width: 800px) 100vw, 800px\" \/>\t\t\t\t\t\t\t\t\t\t\t\t\t\t\t<\/div>\n\t\t\t\t<div class=\"elementor-element elementor-element-05f287b elementor-widget elementor-widget-heading\" data-id=\"05f287b\" data-element_type=\"widget\" data-widget_type=\"heading.default\">\n\t\t\t\t\t<p class=\"elementor-heading-title elementor-size-default\">\u00f83,3 serie 16.9<\/p>\t\t\t\t<\/div>\n\t\t\t\t<\/div>\n\t\t<div class=\"elementor-element elementor-element-55aaac2 e-con-full e-flex elementor-invisible e-con e-child\" data-id=\"55aaac2\" data-element_type=\"container\" data-settings=\"{&quot;animation&quot;:&quot;fadeInLeft&quot;}\">\n\t\t\t\t<div class=\"elementor-element elementor-element-1eda7c9 elementor-widget elementor-widget-image\" data-id=\"1eda7c9\" data-element_type=\"widget\" data-widget_type=\"image.default\">\n\t\t\t\t\t\t\t\t\t\t\t\t\t\t\t<img decoding=\"async\" width=\"800\" height=\"450\" src=\"https:\/\/normadent.com\/wp-content\/uploads\/2025\/01\/Omega-o40serie-16.9-1-1024x576.jpg\" class=\"attachment-large size-large wp-image-2623\" alt=\"\" srcset=\"https:\/\/normadent.com\/wp-content\/uploads\/2025\/01\/Omega-o40serie-16.9-1-1024x576.jpg 1024w, https:\/\/normadent.com\/wp-content\/uploads\/2025\/01\/Omega-o40serie-16.9-1-300x169.jpg 300w, https:\/\/normadent.com\/wp-content\/uploads\/2025\/01\/Omega-o40serie-16.9-1-768x432.jpg 768w, https:\/\/normadent.com\/wp-content\/uploads\/2025\/01\/Omega-o40serie-16.9-1.jpg 1344w\" sizes=\"(max-width: 800px) 100vw, 800px\" \/>\t\t\t\t\t\t\t\t\t\t\t\t\t\t\t<\/div>\n\t\t\t\t<div class=\"elementor-element elementor-element-c588ff1 elementor-widget elementor-widget-heading\" data-id=\"c588ff1\" data-element_type=\"widget\" data-widget_type=\"heading.default\">\n\t\t\t\t\t<p class=\"elementor-heading-title elementor-size-default\">\u00f84,1 serie 16.9<\/p>\t\t\t\t<\/div>\n\t\t\t\t<\/div>\n\t\t<div class=\"elementor-element elementor-element-35111d4 e-con-full e-flex elementor-invisible e-con e-child\" data-id=\"35111d4\" data-element_type=\"container\" data-settings=\"{&quot;animation&quot;:&quot;fadeInLeft&quot;}\">\n\t\t\t\t<div class=\"elementor-element elementor-element-b6848bc elementor-widget elementor-widget-image\" data-id=\"b6848bc\" data-element_type=\"widget\" data-widget_type=\"image.default\">\n\t\t\t\t\t\t\t\t\t\t\t\t\t\t\t<img loading=\"lazy\" decoding=\"async\" width=\"800\" height=\"450\" src=\"https:\/\/normadent.com\/wp-content\/uploads\/2025\/01\/Omega-o50serie-16.9-1-1024x576.jpg\" class=\"attachment-large size-large wp-image-2625\" alt=\"\" srcset=\"https:\/\/normadent.com\/wp-content\/uploads\/2025\/01\/Omega-o50serie-16.9-1-1024x576.jpg 1024w, https:\/\/normadent.com\/wp-content\/uploads\/2025\/01\/Omega-o50serie-16.9-1-300x169.jpg 300w, https:\/\/normadent.com\/wp-content\/uploads\/2025\/01\/Omega-o50serie-16.9-1-768x432.jpg 768w, https:\/\/normadent.com\/wp-content\/uploads\/2025\/01\/Omega-o50serie-16.9-1.jpg 1344w\" sizes=\"(max-width: 800px) 100vw, 800px\" \/>\t\t\t\t\t\t\t\t\t\t\t\t\t\t\t<\/div>\n\t\t\t\t<div class=\"elementor-element elementor-element-981e843 elementor-widget elementor-widget-heading\" data-id=\"981e843\" data-element_type=\"widget\" data-widget_type=\"heading.default\">\n\t\t\t\t\t<p class=\"elementor-heading-title elementor-size-default\">\u00f85,0 serie 16.9<\/p>\t\t\t\t<\/div>\n\t\t\t\t<\/div>\n\t\t\t\t<\/div>\n\t\t<div class=\"elementor-element elementor-element-b66b7cd e-con-full e-flex e-con e-parent\" data-id=\"b66b7cd\" data-element_type=\"container\">\n\t\t\t\t<div class=\"elementor-element elementor-element-93d37f8 elementor-widget elementor-widget-template\" data-id=\"93d37f8\" data-element_type=\"widget\" data-widget_type=\"template.default\">\n\t\t\t\t<div class=\"elementor-widget-container\">\n\t\t\t\t\t\t\t<div class=\"elementor-template\">\n\t\t\t\t\t<div data-elementor-type=\"section\" data-elementor-id=\"1957\" class=\"elementor elementor-1957 elementor-189\" data-elementor-post-type=\"elementor_library\">\n\t\t\t<div class=\"elementor-element elementor-element-539d192 e-con-full e-flex e-con e-parent\" data-id=\"539d192\" data-element_type=\"container\" data-settings=\"{&quot;background_background&quot;:&quot;classic&quot;}\">\n\t\t<div class=\"elementor-element elementor-element-749f9b3 e-con-full e-flex elementor-invisible e-con e-child\" data-id=\"749f9b3\" data-element_type=\"container\" data-settings=\"{&quot;animation&quot;:&quot;fadeInUp&quot;}\">\n\t\t\t\t<div class=\"elementor-element elementor-element-315fb02 elementor-widget elementor-widget-heading\" data-id=\"315fb02\" data-element_type=\"widget\" data-widget_type=\"heading.default\">\n\t\t\t\t\t<h2 class=\"elementor-heading-title elementor-size-default\">Products<\/h2>\t\t\t\t<\/div>\n\t\t\t\t<div class=\"elementor-element elementor-element-efb9675 elementor-widget elementor-widget-text-editor\" data-id=\"efb9675\" data-element_type=\"widget\" data-widget_type=\"text-editor.default\">\n\t\t\t\t\t\t\t\t\t<p>Normadent has designed, developed and marketed everything needed to support the clinician in every situation. Our company supplies high quality components, conveying confidence and reliability to the clinician.<br \/>To ensure the success of the work carried out, Normadent offers various prosthetic solutions.<\/p>\t\t\t\t\t\t\t\t<\/div>\n\t\t\t\t<\/div>\n\t\t<div class=\"elementor-element elementor-element-70b9ff6 e-con-full e-flex elementor-invisible e-con e-child\" data-id=\"70b9ff6\" data-element_type=\"container\" data-settings=\"{&quot;animation&quot;:&quot;fadeInLeft&quot;}\">\n\t\t\t\t<div class=\"elementor-element elementor-element-758d945 elementor-widget elementor-widget-image\" data-id=\"758d945\" data-element_type=\"widget\" data-widget_type=\"image.default\">\n\t\t\t\t\t\t\t\t\t\t\t\t\t\t\t\t<a href=\"https:\/\/normadent.com\/en\/products\/implants\/\">\n\t\t\t\t\t\t\t<img loading=\"lazy\" decoding=\"async\" width=\"640\" height=\"640\" src=\"https:\/\/normadent.com\/wp-content\/uploads\/2024\/09\/Link-Impianti-.jpg\" class=\"attachment-large size-large wp-image-1853\" alt=\"\" srcset=\"https:\/\/normadent.com\/wp-content\/uploads\/2024\/09\/Link-Impianti-.jpg 640w, https:\/\/normadent.com\/wp-content\/uploads\/2024\/09\/Link-Impianti--300x300.jpg 300w, https:\/\/normadent.com\/wp-content\/uploads\/2024\/09\/Link-Impianti--150x150.jpg 150w\" sizes=\"(max-width: 640px) 100vw, 640px\" \/>\t\t\t\t\t\t\t\t<\/a>\n\t\t\t\t\t\t\t\t\t\t\t\t\t\t\t<\/div>\n\t\t\t\t<\/div>\n\t\t<div class=\"elementor-element elementor-element-71889e7 e-con-full e-flex elementor-invisible e-con e-child\" data-id=\"71889e7\" data-element_type=\"container\" data-settings=\"{&quot;animation&quot;:&quot;fadeInUp&quot;}\">\n\t\t\t\t<div class=\"elementor-element elementor-element-5cf5e55 elementor-widget elementor-widget-image\" data-id=\"5cf5e55\" data-element_type=\"widget\" data-widget_type=\"image.default\">\n\t\t\t\t\t\t\t\t\t\t\t\t\t\t\t\t<a href=\"https:\/\/normadent.com\/en\/products\/prosthetics\/\">\n\t\t\t\t\t\t\t<img loading=\"lazy\" decoding=\"async\" width=\"640\" height=\"640\" src=\"https:\/\/normadent.com\/wp-content\/uploads\/2024\/09\/Link-Protesica.jpg\" class=\"attachment-large size-large wp-image-1854\" alt=\"\" srcset=\"https:\/\/normadent.com\/wp-content\/uploads\/2024\/09\/Link-Protesica.jpg 640w, https:\/\/normadent.com\/wp-content\/uploads\/2024\/09\/Link-Protesica-300x300.jpg 300w, https:\/\/normadent.com\/wp-content\/uploads\/2024\/09\/Link-Protesica-150x150.jpg 150w\" sizes=\"(max-width: 640px) 100vw, 640px\" \/>\t\t\t\t\t\t\t\t<\/a>\n\t\t\t\t\t\t\t\t\t\t\t\t\t\t\t<\/div>\n\t\t\t\t<\/div>\n\t\t<div class=\"elementor-element elementor-element-81b0827 e-con-full e-flex elementor-invisible e-con e-child\" data-id=\"81b0827\" data-element_type=\"container\" data-settings=\"{&quot;animation&quot;:&quot;fadeInRight&quot;}\">\n\t\t\t\t<div class=\"elementor-element elementor-element-fdb15d6 elementor-widget elementor-widget-image\" data-id=\"fdb15d6\" data-element_type=\"widget\" data-widget_type=\"image.default\">\n\t\t\t\t\t\t\t\t\t\t\t\t\t\t\t\t<a href=\"https:\/\/normadent.com\/en\/products\/accessories\/\">\n\t\t\t\t\t\t\t<img loading=\"lazy\" decoding=\"async\" width=\"640\" height=\"640\" src=\"https:\/\/normadent.com\/wp-content\/uploads\/2024\/09\/link-strumenitaccessori.jpg\" class=\"attachment-large size-large wp-image-1855\" alt=\"\" srcset=\"https:\/\/normadent.com\/wp-content\/uploads\/2024\/09\/link-strumenitaccessori.jpg 640w, https:\/\/normadent.com\/wp-content\/uploads\/2024\/09\/link-strumenitaccessori-300x300.jpg 300w, https:\/\/normadent.com\/wp-content\/uploads\/2024\/09\/link-strumenitaccessori-150x150.jpg 150w\" sizes=\"(max-width: 640px) 100vw, 640px\" \/>\t\t\t\t\t\t\t\t<\/a>\n\t\t\t\t\t\t\t\t\t\t\t\t\t\t\t<\/div>\n\t\t\t\t<\/div>\n\t\t<div class=\"elementor-element elementor-element-061dcc3 e-con-full elementor-hidden-desktop elementor-hidden-tablet elementor-hidden-mobile e-flex elementor-invisible e-con e-child\" data-id=\"061dcc3\" data-element_type=\"container\" data-settings=\"{&quot;animation&quot;:&quot;fadeInUp&quot;}\">\n\t\t\t\t<div class=\"elementor-element elementor-element-1048427 elementor-widget elementor-widget-template\" data-id=\"1048427\" data-element_type=\"widget\" data-widget_type=\"template.default\">\n\t\t\t\t<div class=\"elementor-widget-container\">\n\t\t\t\t\t\t\t<div class=\"elementor-template\">\n\t\t\t\t\t<div data-elementor-type=\"section\" data-elementor-id=\"1975\" class=\"elementor elementor-1975 elementor-100\" data-elementor-post-type=\"elementor_library\">\n\t\t\t<div class=\"elementor-element elementor-element-80d862a e-con-full e-flex e-con e-child\" data-id=\"80d862a\" data-element_type=\"container\">\n\t\t\t\t<div class=\"elementor-element elementor-element-7a92816 elementor-widget elementor-widget-button\" data-id=\"7a92816\" data-element_type=\"widget\" data-widget_type=\"button.default\">\n\t\t\t\t\t\t\t\t\t\t<a class=\"elementor-button elementor-button-link elementor-size-sm\" href=\"#contatti\">\n\t\t\t\t\t\t<span class=\"elementor-button-content-wrapper\">\n\t\t\t\t\t\t\t\t\t<span class=\"elementor-button-text\">Contact us<\/span>\n\t\t\t\t\t<\/span>\n\t\t\t\t\t<\/a>\n\t\t\t\t\t\t\t\t<\/div>\n\t\t\t\t<div class=\"elementor-element elementor-element-e295fc3 elementor-widget elementor-widget-button\" data-id=\"e295fc3\" data-element_type=\"widget\" data-widget_type=\"button.default\">\n\t\t\t\t\t\t\t\t\t\t<a class=\"elementor-button elementor-button-link elementor-size-sm\" href=\"tel:+390362551411\">\n\t\t\t\t\t\t<span class=\"elementor-button-content-wrapper\">\n\t\t\t\t\t\t\t\t\t<span class=\"elementor-button-text\">Call us<\/span>\n\t\t\t\t\t<\/span>\n\t\t\t\t\t<\/a>\n\t\t\t\t\t\t\t\t<\/div>\n\t\t\t\t<\/div>\n\t\t\t\t<\/div>\n\t\t\t\t<\/div>\n\t\t\t\t\t\t<\/div>\n\t\t\t\t<\/div>\n\t\t\t\t<\/div>\n\t\t\t\t<\/div>\n\t\t\t\t<\/div>\n\t\t\t\t<\/div>\n\t\t\t\t\t\t<\/div>\n\t\t\t\t<\/div>\n\t\t\t\t<\/div>\n\t\t\t\t<\/div>\n\t\t","protected":false},"excerpt":{"rendered":"<p>Omega Line RAW material Omega made from Gr. 4 medical titanium\u00a0 Surface treatment Omega DAE a double acid etching process with Argon cleaning\u00a0 Connection Omega External hexagonal connection\u00a0 Versions Diameters:\u00a0 \u00f83.3 &#8211; \u00f84.1 &#8211; \u00f85.0\u00a0 Lengths: 10.00mm &#8211; 11.50mm &#8211; 13mm &#8211; 15mm \u00a0 Features Coronal portion\u00a0 Smooth and polished hexagon\u00a0 \u00a0 Morphology\u00a0 Cylindrical design [&hellip;]<\/p>\n","protected":false},"author":1,"featured_media":0,"parent":2013,"menu_order":0,"comment_status":"closed","ping_status":"closed","template":"","meta":{"footnotes":""},"class_list":["post-2719","page","type-page","status-publish","hentry"],"_links":{"self":[{"href":"https:\/\/normadent.com\/en\/wp-json\/wp\/v2\/pages\/2719","targetHints":{"allow":["GET"]}}],"collection":[{"href":"https:\/\/normadent.com\/en\/wp-json\/wp\/v2\/pages"}],"about":[{"href":"https:\/\/normadent.com\/en\/wp-json\/wp\/v2\/types\/page"}],"author":[{"embeddable":true,"href":"https:\/\/normadent.com\/en\/wp-json\/wp\/v2\/users\/1"}],"replies":[{"embeddable":true,"href":"https:\/\/normadent.com\/en\/wp-json\/wp\/v2\/comments?post=2719"}],"version-history":[{"count":0,"href":"https:\/\/normadent.com\/en\/wp-json\/wp\/v2\/pages\/2719\/revisions"}],"up":[{"embeddable":true,"href":"https:\/\/normadent.com\/en\/wp-json\/wp\/v2\/pages\/2013"}],"wp:attachment":[{"href":"https:\/\/normadent.com\/en\/wp-json\/wp\/v2\/media?parent=2719"}],"curies":[{"name":"wp","href":"https:\/\/api.w.org\/{rel}","templated":true}]}}