{"id":2716,"date":"2025-01-08T14:36:16","date_gmt":"2025-01-08T14:36:16","guid":{"rendered":"https:\/\/reverent-banzai.185-221-174-234.plesk.page\/kit-chirurgici\/"},"modified":"2025-01-17T12:47:23","modified_gmt":"2025-01-17T12:47:23","slug":"surgical-kits","status":"publish","type":"page","link":"https:\/\/normadent.com\/en\/products\/accessories\/surgical-kits\/","title":{"rendered":"Surgical Kits"},"content":{"rendered":"\t\t<div data-elementor-type=\"wp-page\" data-elementor-id=\"2716\" class=\"elementor elementor-2716 elementor-2672\" data-elementor-post-type=\"page\">\n\t\t\t\t<div class=\"elementor-element elementor-element-0350f56 e-con-full e-flex e-con e-parent\" data-id=\"0350f56\" data-element_type=\"container\" data-settings=\"{&quot;background_background&quot;:&quot;classic&quot;}\">\n\t\t\t\t<div class=\"elementor-element elementor-element-0a6d404 elementor-widget elementor-widget-spacer\" data-id=\"0a6d404\" data-element_type=\"widget\" data-widget_type=\"spacer.default\">\n\t\t\t\t\t\t\t<div class=\"elementor-spacer\">\n\t\t\t<div class=\"elementor-spacer-inner\"><\/div>\n\t\t<\/div>\n\t\t\t\t\t\t<\/div>\n\t\t\t\t<\/div>\n\t\t<div class=\"elementor-element elementor-element-3b00f16 e-con-full e-flex e-con e-parent\" data-id=\"3b00f16\" data-element_type=\"container\">\n\t\t<div class=\"elementor-element elementor-element-a1c1037 e-con-full e-flex elementor-invisible e-con e-child\" data-id=\"a1c1037\" data-element_type=\"container\" data-settings=\"{&quot;animation&quot;:&quot;fadeInLeft&quot;}\">\n\t\t\t\t<div class=\"elementor-element elementor-element-703f01d elementor-widget elementor-widget-heading\" data-id=\"703f01d\" data-element_type=\"widget\" data-widget_type=\"heading.default\">\n\t\t\t\t\t<h1 class=\"elementor-heading-title elementor-size-default\">Surgical Kits<\/h1>\t\t\t\t<\/div>\n\t\t\t\t<div class=\"elementor-element elementor-element-29fc1b2 elementor-widget elementor-widget-heading\" data-id=\"29fc1b2\" data-element_type=\"widget\" data-widget_type=\"heading.default\">\n\t\t\t\t\t<p class=\"elementor-heading-title elementor-size-default\">2P Line Kit \n<\/p>\t\t\t\t<\/div>\n\t\t\t\t<div class=\"elementor-element elementor-element-0b79ec8 elementor-widget elementor-widget-heading\" data-id=\"0b79ec8\" data-element_type=\"widget\" data-widget_type=\"heading.default\">\n\t\t\t\t\t<p class=\"elementor-heading-title elementor-size-default\"> Perfect One Z  Line Kit \n<\/p>\t\t\t\t<\/div>\n\t\t\t\t<div class=\"elementor-element elementor-element-6d8455b elementor-widget elementor-widget-heading\" data-id=\"6d8455b\" data-element_type=\"widget\" data-widget_type=\"heading.default\">\n\t\t\t\t\t<p class=\"elementor-heading-title elementor-size-default\">Perfect One PT - NS  Line Kit \n<\/p>\t\t\t\t<\/div>\n\t\t\t\t<div class=\"elementor-element elementor-element-890cc93 elementor-widget elementor-widget-heading\" data-id=\"890cc93\" data-element_type=\"widget\" data-widget_type=\"heading.default\">\n\t\t\t\t\t<p class=\"elementor-heading-title elementor-size-default\"> Monofasici  Line Kit <\/p>\t\t\t\t<\/div>\n\t\t\t\t<\/div>\n\t\t\t\t<\/div>\n\t\t<div class=\"elementor-element elementor-element-f7bb7a0 e-con-full e-flex e-con e-parent\" data-id=\"f7bb7a0\" data-element_type=\"container\" data-settings=\"{&quot;background_background&quot;:&quot;classic&quot;}\">\n\t\t<div class=\"elementor-element elementor-element-4be7e7c e-con-full e-flex elementor-invisible e-con e-child\" data-id=\"4be7e7c\" data-element_type=\"container\" data-settings=\"{&quot;animation&quot;:&quot;fadeInLeft&quot;}\">\n\t\t\t\t<div class=\"elementor-element elementor-element-2879bd4 elementor-widget elementor-widget-heading\" data-id=\"2879bd4\" data-element_type=\"widget\" data-widget_type=\"heading.default\">\n\t\t\t\t\t<h2 class=\"elementor-heading-title elementor-size-default\">2P Line Kit \n<\/h2>\t\t\t\t<\/div>\n\t\t\t\t<div class=\"elementor-element elementor-element-c2ba817 elementor-widget elementor-widget-heading\" data-id=\"c2ba817\" data-element_type=\"widget\" data-widget_type=\"heading.default\">\n\t\t\t\t\t<p class=\"elementor-heading-title elementor-size-default\">Features<\/p>\t\t\t\t<\/div>\n\t\t\t\t<div class=\"elementor-element elementor-element-6a656d1 elementor-widget elementor-widget-text-editor\" data-id=\"6a656d1\" data-element_type=\"widget\" data-widget_type=\"text-editor.default\">\n\t\t\t\t\t\t\t\t\t<p><span style=\"font-weight: 400;\">This kit&#8217;s design is intended to facilitate the clinician during the delicate surgical phase.\u00a0<\/span><\/p><p><span style=\"font-weight: 400;\">It contains all the surgical instruments for the insertion of the 2P Regular line and the 2P Narrow line.\u00a0<\/span><\/p><p><span style=\"font-weight: 400;\">The innovative burs developed exclusively for the 2P regular and 2P narrow lines guarantee consistent performance over time with different bone densities. They guide the dentist during the drilling phase thanks to their helical shape and sharp, cutting apex.\u00a0<\/span><\/p><p><span style=\"font-weight: 400;\">To ensure maximum durability, the burs undergo a Physical Vapour Deposition (PVD) coating treatment.<\/span><\/p><p><span style=\"font-weight: 400;\">All the burs, including pilot burs, are fitted with stops. The inserts complete the surgical stage. In fact, the kits contain inserts for the 2P Regular micromotor and torque spanner, in both a short and long version, and the same goes for the 2P Narrow line.\u00a0<\/span><\/p><p><span style=\"font-weight: 400;\">The kit is completed with the torque spanner, the dual-use gauge (gingival tract and implant site depth), and various customisable accessories.\u00a0<\/span><\/p><p><span style=\"font-weight: 400;\">Each dentist has his or her own requirements, so in addition to the 40 accessories, the kit also includes additional components selected by the dentist to customise it as desired.\u00a0<\/span><\/p>\t\t\t\t\t\t\t\t<\/div>\n\t\t\t\t<div class=\"elementor-element elementor-element-42a5dd1 elementor-widget elementor-widget-heading\" data-id=\"42a5dd1\" data-element_type=\"widget\" data-widget_type=\"heading.default\">\n\t\t\t\t\t<p class=\"elementor-heading-title elementor-size-default\">Implant lines \n<\/p>\t\t\t\t<\/div>\n\t\t\t\t<div class=\"elementor-element elementor-element-6156dc4 elementor-widget elementor-widget-text-editor\" data-id=\"6156dc4\" data-element_type=\"widget\" data-widget_type=\"text-editor.default\">\n\t\t\t\t\t\t\t\t\t<p><span style=\"font-weight: 400;\">2P Line<\/span><\/p>\t\t\t\t\t\t\t\t<\/div>\n\t\t\t\t<\/div>\n\t\t\t\t<\/div>\n\t\t<div class=\"elementor-element elementor-element-93ac7da e-con-full e-flex e-con e-parent\" data-id=\"93ac7da\" data-element_type=\"container\" data-settings=\"{&quot;background_background&quot;:&quot;classic&quot;}\">\n\t\t<div class=\"elementor-element elementor-element-8a59486 e-con-full e-flex elementor-invisible e-con e-child\" data-id=\"8a59486\" data-element_type=\"container\" data-settings=\"{&quot;animation&quot;:&quot;fadeInLeft&quot;}\">\n\t\t\t\t<div class=\"elementor-element elementor-element-d94ad98 elementor-widget elementor-widget-heading\" data-id=\"d94ad98\" data-element_type=\"widget\" data-widget_type=\"heading.default\">\n\t\t\t\t\t<h2 class=\"elementor-heading-title elementor-size-default\">Perfect One Z Line kit<\/h2>\t\t\t\t<\/div>\n\t\t\t\t<div class=\"elementor-element elementor-element-6e85987 elementor-widget elementor-widget-heading\" data-id=\"6e85987\" data-element_type=\"widget\" data-widget_type=\"heading.default\">\n\t\t\t\t\t<p class=\"elementor-heading-title elementor-size-default\">Features<\/p>\t\t\t\t<\/div>\n\t\t\t\t<div class=\"elementor-element elementor-element-a536282 elementor-widget elementor-widget-text-editor\" data-id=\"a536282\" data-element_type=\"widget\" data-widget_type=\"text-editor.default\">\n\t\t\t\t\t\t\t\t\t<p><span style=\"font-weight: 400;\">An innovative and meticulously designed kit.\u00a0<\/span><\/p><p><span style=\"font-weight: 400;\">This kit allows for the insertion of both \u00f83.75 and \u00f84.25 implants; in fact, the kit is arranged on two levels: on the lower level there&#8217;s everything needed to insert \u00f84.25 implants, while the upper level contains the instrumentation for inserting \u00f83.75 implants; both diameters include two sets of burs, both long and short to adapt to any space.\u00a0<\/span><\/p><p><span style=\"font-weight: 400;\">The burs are designed to maximise yield and performance. In fact, they include an apical cutting part with a helical shape to guarantee a quick and precise cut, while the cylindrical and smooth shank helps prevent the tissues from overheating, and guides the apical portion in the creation of the implant site.\u00a0<\/span><\/p><p><span style=\"font-weight: 400;\">To ensure maximum durability, the burs undergo a Physical Vapour Deposition (PVD) coating treatment.\u00a0<\/span><\/p><p><span style=\"font-weight: 400;\">The kit is completed with the manual inserts, the spanners, and a depth gauge.\u00a0<\/span><\/p>\t\t\t\t\t\t\t\t<\/div>\n\t\t\t\t<div class=\"elementor-element elementor-element-55e6693 elementor-widget elementor-widget-heading\" data-id=\"55e6693\" data-element_type=\"widget\" data-widget_type=\"heading.default\">\n\t\t\t\t\t<p class=\"elementor-heading-title elementor-size-default\">Implant lines \n<\/p>\t\t\t\t<\/div>\n\t\t\t\t<div class=\"elementor-element elementor-element-0e2de3f elementor-widget elementor-widget-text-editor\" data-id=\"0e2de3f\" data-element_type=\"widget\" data-widget_type=\"text-editor.default\">\n\t\t\t\t\t\t\t\t\t<p><span style=\"font-weight: 400;\">Perfect One Z Line<\/span><\/p>\t\t\t\t\t\t\t\t<\/div>\n\t\t\t\t<\/div>\n\t\t\t\t<\/div>\n\t\t<div class=\"elementor-element elementor-element-694813f e-con-full e-flex e-con e-parent\" data-id=\"694813f\" data-element_type=\"container\" data-settings=\"{&quot;background_background&quot;:&quot;classic&quot;}\">\n\t\t<div class=\"elementor-element elementor-element-08e2f46 e-con-full e-flex elementor-invisible e-con e-child\" data-id=\"08e2f46\" data-element_type=\"container\" data-settings=\"{&quot;animation&quot;:&quot;fadeInLeft&quot;}\">\n\t\t\t\t<div class=\"elementor-element elementor-element-f804df3 elementor-widget elementor-widget-heading\" data-id=\"f804df3\" data-element_type=\"widget\" data-widget_type=\"heading.default\">\n\t\t\t\t\t<h2 class=\"elementor-heading-title elementor-size-default\">Perfect One PT - NS Line Kit<\/h2>\t\t\t\t<\/div>\n\t\t\t\t<div class=\"elementor-element elementor-element-83611ee elementor-widget elementor-widget-heading\" data-id=\"83611ee\" data-element_type=\"widget\" data-widget_type=\"heading.default\">\n\t\t\t\t\t<p class=\"elementor-heading-title elementor-size-default\">Features<\/p>\t\t\t\t<\/div>\n\t\t\t\t<div class=\"elementor-element elementor-element-bdaccb8 elementor-widget elementor-widget-text-editor\" data-id=\"bdaccb8\" data-element_type=\"widget\" data-widget_type=\"text-editor.default\">\n\t\t\t\t\t\t\t\t\t<p><span style=\"font-weight: 400;\">The Perfect One PT &#8211; NS line consists of two diameters. \u00f83.75 and \u00f84.25. This kit contains everything needed to insert all types of implants from the Perfect One PT and Perfect One NS lines.\u00a0<\/span><\/p><p><span style=\"font-weight: 400;\">The burs consist of an apex with a helical shape to ensure a quick and precise cut, and are available in both long and short versions, in order to allow for the insertion of even the longest implants. To ensure maximum durability, the burs undergo a Physical Vapour Deposition (PVD) coating treatment.<\/span><\/p><p><span style=\"font-weight: 400;\">The kit is compact and versatile thanks to the reduced number of burs.\u00a0<\/span><\/p>\t\t\t\t\t\t\t\t<\/div>\n\t\t\t\t<div class=\"elementor-element elementor-element-eaf3e1a elementor-widget elementor-widget-heading\" data-id=\"eaf3e1a\" data-element_type=\"widget\" data-widget_type=\"heading.default\">\n\t\t\t\t\t<p class=\"elementor-heading-title elementor-size-default\">Implant lines \n<\/p>\t\t\t\t<\/div>\n\t\t\t\t<div class=\"elementor-element elementor-element-afb6cdf elementor-widget elementor-widget-text-editor\" data-id=\"afb6cdf\" data-element_type=\"widget\" data-widget_type=\"text-editor.default\">\n\t\t\t\t\t\t\t\t\t<p><span style=\"font-weight: 400;\">Perfect One PT NS Line\u00a0<\/span><\/p>\t\t\t\t\t\t\t\t<\/div>\n\t\t\t\t<\/div>\n\t\t\t\t<\/div>\n\t\t<div class=\"elementor-element elementor-element-a4f3024 e-con-full e-flex e-con e-parent\" data-id=\"a4f3024\" data-element_type=\"container\" data-settings=\"{&quot;background_background&quot;:&quot;classic&quot;}\">\n\t\t<div class=\"elementor-element elementor-element-a3ac148 e-con-full e-flex elementor-invisible e-con e-child\" data-id=\"a3ac148\" data-element_type=\"container\" data-settings=\"{&quot;animation&quot;:&quot;fadeInLeft&quot;}\">\n\t\t\t\t<div class=\"elementor-element elementor-element-ff459ff elementor-widget elementor-widget-heading\" data-id=\"ff459ff\" data-element_type=\"widget\" data-widget_type=\"heading.default\">\n\t\t\t\t\t<h2 class=\"elementor-heading-title elementor-size-default\">Monophasic Line Kit \n<\/h2>\t\t\t\t<\/div>\n\t\t\t\t<div class=\"elementor-element elementor-element-a0367bf elementor-widget elementor-widget-heading\" data-id=\"a0367bf\" data-element_type=\"widget\" data-widget_type=\"heading.default\">\n\t\t\t\t\t<p class=\"elementor-heading-title elementor-size-default\">Features<\/p>\t\t\t\t<\/div>\n\t\t\t\t<div class=\"elementor-element elementor-element-1840368 elementor-widget elementor-widget-text-editor\" data-id=\"1840368\" data-element_type=\"widget\" data-widget_type=\"text-editor.default\">\n\t\t\t\t\t\t\t\t\t<p><span style=\"font-weight: 400;\">Thanks to its medical team, Normadent has developed a kit for the placement of its monophasic lines, based on the Italian school of monophasic implantology.\u00a0<\/span><\/p><p><span style=\"font-weight: 400;\">The surgical procedures involve the use of cylindrical burs to ensure the successful preparation of a suitable implant site.\u00a0<\/span><\/p><p><span style=\"font-weight: 400;\">The burs allow for quick and easy insertion.\u00a0<\/span><\/p>\t\t\t\t\t\t\t\t<\/div>\n\t\t\t\t<div class=\"elementor-element elementor-element-c17966f elementor-widget elementor-widget-heading\" data-id=\"c17966f\" data-element_type=\"widget\" data-widget_type=\"heading.default\">\n\t\t\t\t\t<p class=\"elementor-heading-title elementor-size-default\">Implant Lines<\/p>\t\t\t\t<\/div>\n\t\t\t\t<div class=\"elementor-element elementor-element-9e0d6e8 elementor-widget elementor-widget-text-editor\" data-id=\"9e0d6e8\" data-element_type=\"widget\" data-widget_type=\"text-editor.default\">\n\t\t\t\t\t\t\t\t\t<ul><li><span style=\"font-weight: 400;\">MONO SL line\u00a0<br \/><\/span><\/li><li><span style=\"font-weight: 400;\">ALV &#8211; ALVC line\u00a0<\/span><\/li><\/ul>\t\t\t\t\t\t\t\t<\/div>\n\t\t\t\t<\/div>\n\t\t\t\t<\/div>\n\t\t<div class=\"elementor-element elementor-element-b66b7cd e-con-full e-flex e-con e-parent\" data-id=\"b66b7cd\" data-element_type=\"container\">\n\t\t\t\t<div class=\"elementor-element elementor-element-93d37f8 elementor-widget elementor-widget-template\" data-id=\"93d37f8\" data-element_type=\"widget\" data-widget_type=\"template.default\">\n\t\t\t\t<div class=\"elementor-widget-container\">\n\t\t\t\t\t\t\t<div class=\"elementor-template\">\n\t\t\t\t\t<div data-elementor-type=\"section\" data-elementor-id=\"1957\" class=\"elementor elementor-1957 elementor-189\" data-elementor-post-type=\"elementor_library\">\n\t\t\t<div class=\"elementor-element elementor-element-539d192 e-con-full e-flex e-con e-parent\" data-id=\"539d192\" data-element_type=\"container\" data-settings=\"{&quot;background_background&quot;:&quot;classic&quot;}\">\n\t\t<div class=\"elementor-element elementor-element-749f9b3 e-con-full e-flex elementor-invisible e-con e-child\" data-id=\"749f9b3\" data-element_type=\"container\" data-settings=\"{&quot;animation&quot;:&quot;fadeInUp&quot;}\">\n\t\t\t\t<div class=\"elementor-element elementor-element-315fb02 elementor-widget elementor-widget-heading\" data-id=\"315fb02\" data-element_type=\"widget\" data-widget_type=\"heading.default\">\n\t\t\t\t\t<h2 class=\"elementor-heading-title elementor-size-default\">Products<\/h2>\t\t\t\t<\/div>\n\t\t\t\t<div class=\"elementor-element elementor-element-efb9675 elementor-widget elementor-widget-text-editor\" data-id=\"efb9675\" data-element_type=\"widget\" data-widget_type=\"text-editor.default\">\n\t\t\t\t\t\t\t\t\t<p>Normadent has designed, developed and marketed everything needed to support the clinician in every situation. Our company supplies high quality components, conveying confidence and reliability to the clinician.<br \/>To ensure the success of the work carried out, Normadent offers various prosthetic solutions.<\/p>\t\t\t\t\t\t\t\t<\/div>\n\t\t\t\t<\/div>\n\t\t<div class=\"elementor-element elementor-element-70b9ff6 e-con-full e-flex elementor-invisible e-con e-child\" data-id=\"70b9ff6\" data-element_type=\"container\" data-settings=\"{&quot;animation&quot;:&quot;fadeInLeft&quot;}\">\n\t\t\t\t<div class=\"elementor-element elementor-element-758d945 elementor-widget elementor-widget-image\" data-id=\"758d945\" data-element_type=\"widget\" data-widget_type=\"image.default\">\n\t\t\t\t\t\t\t\t\t\t\t\t\t\t\t\t<a href=\"https:\/\/normadent.com\/en\/products\/implants\/\">\n\t\t\t\t\t\t\t<img fetchpriority=\"high\" decoding=\"async\" width=\"640\" height=\"640\" src=\"https:\/\/normadent.com\/wp-content\/uploads\/2024\/09\/Link-Impianti-.jpg\" class=\"attachment-large size-large wp-image-1853\" alt=\"\" srcset=\"https:\/\/normadent.com\/wp-content\/uploads\/2024\/09\/Link-Impianti-.jpg 640w, https:\/\/normadent.com\/wp-content\/uploads\/2024\/09\/Link-Impianti--300x300.jpg 300w, https:\/\/normadent.com\/wp-content\/uploads\/2024\/09\/Link-Impianti--150x150.jpg 150w\" sizes=\"(max-width: 640px) 100vw, 640px\" \/>\t\t\t\t\t\t\t\t<\/a>\n\t\t\t\t\t\t\t\t\t\t\t\t\t\t\t<\/div>\n\t\t\t\t<\/div>\n\t\t<div class=\"elementor-element elementor-element-71889e7 e-con-full e-flex elementor-invisible e-con e-child\" data-id=\"71889e7\" data-element_type=\"container\" data-settings=\"{&quot;animation&quot;:&quot;fadeInUp&quot;}\">\n\t\t\t\t<div class=\"elementor-element elementor-element-5cf5e55 elementor-widget elementor-widget-image\" data-id=\"5cf5e55\" data-element_type=\"widget\" data-widget_type=\"image.default\">\n\t\t\t\t\t\t\t\t\t\t\t\t\t\t\t\t<a href=\"https:\/\/normadent.com\/en\/products\/prosthetics\/\">\n\t\t\t\t\t\t\t<img decoding=\"async\" width=\"640\" height=\"640\" src=\"https:\/\/normadent.com\/wp-content\/uploads\/2024\/09\/Link-Protesica.jpg\" class=\"attachment-large size-large wp-image-1854\" alt=\"\" srcset=\"https:\/\/normadent.com\/wp-content\/uploads\/2024\/09\/Link-Protesica.jpg 640w, https:\/\/normadent.com\/wp-content\/uploads\/2024\/09\/Link-Protesica-300x300.jpg 300w, https:\/\/normadent.com\/wp-content\/uploads\/2024\/09\/Link-Protesica-150x150.jpg 150w\" sizes=\"(max-width: 640px) 100vw, 640px\" \/>\t\t\t\t\t\t\t\t<\/a>\n\t\t\t\t\t\t\t\t\t\t\t\t\t\t\t<\/div>\n\t\t\t\t<\/div>\n\t\t<div class=\"elementor-element elementor-element-81b0827 e-con-full e-flex elementor-invisible e-con e-child\" data-id=\"81b0827\" data-element_type=\"container\" data-settings=\"{&quot;animation&quot;:&quot;fadeInRight&quot;}\">\n\t\t\t\t<div class=\"elementor-element elementor-element-fdb15d6 elementor-widget elementor-widget-image\" data-id=\"fdb15d6\" data-element_type=\"widget\" data-widget_type=\"image.default\">\n\t\t\t\t\t\t\t\t\t\t\t\t\t\t\t\t<a href=\"https:\/\/normadent.com\/en\/products\/accessories\/\">\n\t\t\t\t\t\t\t<img decoding=\"async\" width=\"640\" height=\"640\" src=\"https:\/\/normadent.com\/wp-content\/uploads\/2024\/09\/link-strumenitaccessori.jpg\" class=\"attachment-large size-large wp-image-1855\" alt=\"\" srcset=\"https:\/\/normadent.com\/wp-content\/uploads\/2024\/09\/link-strumenitaccessori.jpg 640w, https:\/\/normadent.com\/wp-content\/uploads\/2024\/09\/link-strumenitaccessori-300x300.jpg 300w, https:\/\/normadent.com\/wp-content\/uploads\/2024\/09\/link-strumenitaccessori-150x150.jpg 150w\" sizes=\"(max-width: 640px) 100vw, 640px\" \/>\t\t\t\t\t\t\t\t<\/a>\n\t\t\t\t\t\t\t\t\t\t\t\t\t\t\t<\/div>\n\t\t\t\t<\/div>\n\t\t<div class=\"elementor-element elementor-element-061dcc3 e-con-full elementor-hidden-desktop elementor-hidden-tablet elementor-hidden-mobile e-flex elementor-invisible e-con e-child\" data-id=\"061dcc3\" data-element_type=\"container\" data-settings=\"{&quot;animation&quot;:&quot;fadeInUp&quot;}\">\n\t\t\t\t<div class=\"elementor-element elementor-element-1048427 elementor-widget elementor-widget-template\" data-id=\"1048427\" data-element_type=\"widget\" data-widget_type=\"template.default\">\n\t\t\t\t<div class=\"elementor-widget-container\">\n\t\t\t\t\t\t\t<div class=\"elementor-template\">\n\t\t\t\t\t<div data-elementor-type=\"section\" data-elementor-id=\"1975\" class=\"elementor elementor-1975 elementor-100\" data-elementor-post-type=\"elementor_library\">\n\t\t\t<div class=\"elementor-element elementor-element-80d862a e-con-full e-flex e-con e-child\" data-id=\"80d862a\" data-element_type=\"container\">\n\t\t\t\t<div class=\"elementor-element elementor-element-7a92816 elementor-widget elementor-widget-button\" data-id=\"7a92816\" data-element_type=\"widget\" data-widget_type=\"button.default\">\n\t\t\t\t\t\t\t\t\t\t<a class=\"elementor-button elementor-button-link elementor-size-sm\" href=\"#contatti\">\n\t\t\t\t\t\t<span class=\"elementor-button-content-wrapper\">\n\t\t\t\t\t\t\t\t\t<span class=\"elementor-button-text\">Contact us<\/span>\n\t\t\t\t\t<\/span>\n\t\t\t\t\t<\/a>\n\t\t\t\t\t\t\t\t<\/div>\n\t\t\t\t<div class=\"elementor-element elementor-element-e295fc3 elementor-widget elementor-widget-button\" data-id=\"e295fc3\" data-element_type=\"widget\" data-widget_type=\"button.default\">\n\t\t\t\t\t\t\t\t\t\t<a class=\"elementor-button elementor-button-link elementor-size-sm\" href=\"tel:+390362551411\">\n\t\t\t\t\t\t<span class=\"elementor-button-content-wrapper\">\n\t\t\t\t\t\t\t\t\t<span class=\"elementor-button-text\">Call us<\/span>\n\t\t\t\t\t<\/span>\n\t\t\t\t\t<\/a>\n\t\t\t\t\t\t\t\t<\/div>\n\t\t\t\t<\/div>\n\t\t\t\t<\/div>\n\t\t\t\t<\/div>\n\t\t\t\t\t\t<\/div>\n\t\t\t\t<\/div>\n\t\t\t\t<\/div>\n\t\t\t\t<\/div>\n\t\t\t\t<\/div>\n\t\t\t\t<\/div>\n\t\t\t\t\t\t<\/div>\n\t\t\t\t<\/div>\n\t\t\t\t<\/div>\n\t\t\t\t<\/div>\n\t\t","protected":false},"excerpt":{"rendered":"<p>Surgical Kits 2P Line Kit Perfect One Z Line Kit Perfect One PT &#8211; NS Line Kit Monofasici Line Kit 2P Line Kit Features This kit&#8217;s design is intended to facilitate the clinician during the delicate surgical phase.\u00a0 It contains all the surgical instruments for the insertion of the 2P Regular line and the 2P [&hellip;]<\/p>\n","protected":false},"author":1,"featured_media":0,"parent":2717,"menu_order":0,"comment_status":"closed","ping_status":"closed","template":"","meta":{"footnotes":""},"class_list":["post-2716","page","type-page","status-publish","hentry"],"_links":{"self":[{"href":"https:\/\/normadent.com\/en\/wp-json\/wp\/v2\/pages\/2716","targetHints":{"allow":["GET"]}}],"collection":[{"href":"https:\/\/normadent.com\/en\/wp-json\/wp\/v2\/pages"}],"about":[{"href":"https:\/\/normadent.com\/en\/wp-json\/wp\/v2\/types\/page"}],"author":[{"embeddable":true,"href":"https:\/\/normadent.com\/en\/wp-json\/wp\/v2\/users\/1"}],"replies":[{"embeddable":true,"href":"https:\/\/normadent.com\/en\/wp-json\/wp\/v2\/comments?post=2716"}],"version-history":[{"count":0,"href":"https:\/\/normadent.com\/en\/wp-json\/wp\/v2\/pages\/2716\/revisions"}],"up":[{"embeddable":true,"href":"https:\/\/normadent.com\/en\/wp-json\/wp\/v2\/pages\/2717"}],"wp:attachment":[{"href":"https:\/\/normadent.com\/en\/wp-json\/wp\/v2\/media?parent=2716"}],"curies":[{"name":"wp","href":"https:\/\/api.w.org\/{rel}","templated":true}]}}