{"id":2032,"date":"2024-09-09T10:55:55","date_gmt":"2024-09-09T10:55:55","guid":{"rendered":"https:\/\/reverent-banzai.185-221-174-234.plesk.page\/prodotti\/impianti\/impianti-2p-regular\/"},"modified":"2025-01-08T15:07:16","modified_gmt":"2025-01-08T15:07:16","slug":"2p-regular-line","status":"publish","type":"page","link":"https:\/\/normadent.com\/en\/products\/implants\/2p-regular-line\/","title":{"rendered":"2P Regular Line"},"content":{"rendered":"\t\t<div data-elementor-type=\"wp-page\" data-elementor-id=\"2032\" class=\"elementor elementor-2032 elementor-298\" data-elementor-post-type=\"page\">\n\t\t\t\t<div class=\"elementor-element elementor-element-0350f56 e-con-full e-flex e-con e-parent\" data-id=\"0350f56\" data-element_type=\"container\" data-settings=\"{&quot;background_background&quot;:&quot;classic&quot;}\">\n\t\t\t\t<div class=\"elementor-element elementor-element-0a6d404 elementor-widget elementor-widget-spacer\" data-id=\"0a6d404\" data-element_type=\"widget\" data-widget_type=\"spacer.default\">\n\t\t\t\t\t\t\t<div class=\"elementor-spacer\">\n\t\t\t<div class=\"elementor-spacer-inner\"><\/div>\n\t\t<\/div>\n\t\t\t\t\t\t<\/div>\n\t\t\t\t<\/div>\n\t\t<div class=\"elementor-element elementor-element-3b00f16 e-con-full e-flex e-con e-parent\" data-id=\"3b00f16\" data-element_type=\"container\">\n\t\t<div class=\"elementor-element elementor-element-a1c1037 e-con-full e-flex elementor-invisible e-con e-child\" data-id=\"a1c1037\" data-element_type=\"container\" data-settings=\"{&quot;animation&quot;:&quot;fadeInLeft&quot;}\">\n\t\t\t\t<div class=\"elementor-element elementor-element-703f01d elementor-widget elementor-widget-heading\" data-id=\"703f01d\" data-element_type=\"widget\" data-widget_type=\"heading.default\">\n\t\t\t\t\t<h1 class=\"elementor-heading-title elementor-size-default\">Linea 2P Regular <\/h1>\t\t\t\t<\/div>\n\t\t<div class=\"elementor-element elementor-element-c168f2a e-con-full e-flex elementor-invisible e-con e-child\" data-id=\"c168f2a\" data-element_type=\"container\" data-settings=\"{&quot;animation&quot;:&quot;fadeInRight&quot;}\">\n\t\t\t\t<div class=\"elementor-element elementor-element-b19e404 elementor-widget elementor-widget-heading\" data-id=\"b19e404\" data-element_type=\"widget\" data-widget_type=\"heading.default\">\n\t\t\t\t\t<p class=\"elementor-heading-title elementor-size-default\">MATERIA PRIMA<\/p>\t\t\t\t<\/div>\n\t\t\t\t<div class=\"elementor-element elementor-element-fc080b1 elementor-widget elementor-widget-text-editor\" data-id=\"fc080b1\" data-element_type=\"widget\" data-widget_type=\"text-editor.default\">\n\t\t\t\t\t\t\t\t\t<p class=\"Corpo\">2P regular realizzato in Titanio Gr. 4 medicale<\/p>\t\t\t\t\t\t\t\t<\/div>\n\t\t\t\t<div class=\"elementor-element elementor-element-0324e29 elementor-widget elementor-widget-heading\" data-id=\"0324e29\" data-element_type=\"widget\" data-widget_type=\"heading.default\">\n\t\t\t\t\t<p class=\"elementor-heading-title elementor-size-default\">TRATTAMENTO SUPERFICIALE  <\/p>\t\t\t\t<\/div>\n\t\t\t\t<div class=\"elementor-element elementor-element-d6cd005 elementor-widget elementor-widget-text-editor\" data-id=\"d6cd005\" data-element_type=\"widget\" data-widget_type=\"text-editor.default\">\n\t\t\t\t\t\t\t\t\t<p class=\"Corpo\">2P Regular DAE un processo di doppia acidificazione con pulizia Argon<\/p>\t\t\t\t\t\t\t\t<\/div>\n\t\t\t\t<div class=\"elementor-element elementor-element-95d0b28 elementor-widget elementor-widget-heading\" data-id=\"95d0b28\" data-element_type=\"widget\" data-widget_type=\"heading.default\">\n\t\t\t\t\t<p class=\"elementor-heading-title elementor-size-default\">CONNESSIONE <\/p>\t\t\t\t<\/div>\n\t\t\t\t<div class=\"elementor-element elementor-element-b1b8f7e elementor-widget elementor-widget-text-editor\" data-id=\"b1b8f7e\" data-element_type=\"widget\" data-widget_type=\"text-editor.default\">\n\t\t\t\t\t\t\t\t\t<p>2P Regular\u00a0 connessione esagonale universal<\/p>\t\t\t\t\t\t\t\t<\/div>\n\t\t\t\t<div class=\"elementor-element elementor-element-425708c elementor-widget elementor-widget-heading\" data-id=\"425708c\" data-element_type=\"widget\" data-widget_type=\"heading.default\">\n\t\t\t\t\t<p class=\"elementor-heading-title elementor-size-default\">PROPOSTE <\/p>\t\t\t\t<\/div>\n\t\t\t\t<div class=\"elementor-element elementor-element-4261af6 elementor-widget elementor-widget-text-editor\" data-id=\"4261af6\" data-element_type=\"widget\" data-widget_type=\"text-editor.default\">\n\t\t\t\t\t\t\t\t\t<p>2P Regular<\/p><ul><li><strong>Diametri<\/strong>: \u00f83,75 &#8211; \u00f84,25 &#8211; \u00f85,0<\/li><li><strong>Lunghezze<\/strong>: 8mm &#8211; 10mm &#8211; 12mm &#8211; 14mm<\/li><\/ul>\t\t\t\t\t\t\t\t<\/div>\n\t\t\t\t<\/div>\n\t\t\t\t<\/div>\n\t\t<div class=\"elementor-element elementor-element-5c652e1 e-con-full e-flex elementor-invisible e-con e-child\" data-id=\"5c652e1\" data-element_type=\"container\" data-settings=\"{&quot;animation&quot;:&quot;fadeInRight&quot;}\">\n\t\t\t\t<div class=\"elementor-element elementor-element-bbca7d8 elementor-widget elementor-widget-image\" data-id=\"bbca7d8\" data-element_type=\"widget\" data-widget_type=\"image.default\">\n\t\t\t\t\t\t\t\t\t\t\t\t\t\t\t<img fetchpriority=\"high\" decoding=\"async\" width=\"800\" height=\"800\" src=\"https:\/\/normadent.com\/wp-content\/uploads\/2025\/01\/immagine-principale-2P-regular-1024x1024.jpg\" class=\"attachment-large size-large wp-image-2347\" alt=\"\" srcset=\"https:\/\/normadent.com\/wp-content\/uploads\/2025\/01\/immagine-principale-2P-regular-1024x1024.jpg 1024w, https:\/\/normadent.com\/wp-content\/uploads\/2025\/01\/immagine-principale-2P-regular-300x300.jpg 300w, https:\/\/normadent.com\/wp-content\/uploads\/2025\/01\/immagine-principale-2P-regular-150x150.jpg 150w, https:\/\/normadent.com\/wp-content\/uploads\/2025\/01\/immagine-principale-2P-regular-768x768.jpg 768w, https:\/\/normadent.com\/wp-content\/uploads\/2025\/01\/immagine-principale-2P-regular.jpg 1080w\" sizes=\"(max-width: 800px) 100vw, 800px\" \/>\t\t\t\t\t\t\t\t\t\t\t\t\t\t\t<\/div>\n\t\t\t\t<\/div>\n\t\t\t\t<\/div>\n\t\t<div class=\"elementor-element elementor-element-f7bb7a0 e-con-full e-flex e-con e-parent\" data-id=\"f7bb7a0\" data-element_type=\"container\" data-settings=\"{&quot;background_background&quot;:&quot;classic&quot;}\">\n\t\t<div class=\"elementor-element elementor-element-4af5c43 e-con-full e-flex e-con e-child\" data-id=\"4af5c43\" data-element_type=\"container\">\n\t\t\t\t<div class=\"elementor-element elementor-element-43b2168 elementor-widget elementor-widget-heading\" data-id=\"43b2168\" data-element_type=\"widget\" data-widget_type=\"heading.default\">\n\t\t\t\t\t<p class=\"elementor-heading-title elementor-size-default\">CARATTERISTICHE<\/p>\t\t\t\t<\/div>\n\t\t\t\t<div class=\"elementor-element elementor-element-ea4353c elementor-widget elementor-widget-text-editor\" data-id=\"ea4353c\" data-element_type=\"widget\" data-widget_type=\"text-editor.default\">\n\t\t\t\t\t\t\t\t\t<ul><li>Parte Coronale<ul><li>Microspire continue<\/li><li>Bone platform shifting<\/li><\/ul><\/li><\/ul><ul><li>Morfologia<ul><li>Design conico del corpo e del nucleo<\/li><li>Design osteocondensante<\/li><li>Spire con passo 2,5 mm<\/li><li>Doppio principio di spire<\/li><\/ul><\/li><\/ul><ul><li>Parte apicale<ul><li>Elevata propriet\u00e0 di taglio<\/li><li>Scarico apicale<\/li><\/ul><\/li><\/ul>\t\t\t\t\t\t\t\t<\/div>\n\t\t\t\t<\/div>\n\t\t<div class=\"elementor-element elementor-element-4be7e7c e-con-full e-flex elementor-invisible e-con e-child\" data-id=\"4be7e7c\" data-element_type=\"container\" data-settings=\"{&quot;animation&quot;:&quot;fadeInLeft&quot;}\">\n\t\t\t\t<div class=\"elementor-element elementor-element-ab9a50d elementor-widget elementor-widget-heading\" data-id=\"ab9a50d\" data-element_type=\"widget\" data-widget_type=\"heading.default\">\n\t\t\t\t\t<p class=\"elementor-heading-title elementor-size-default\">VANTAGGI<\/p>\t\t\t\t<\/div>\n\t\t\t\t<div class=\"elementor-element elementor-element-4bfd71e elementor-widget elementor-widget-text-editor\" data-id=\"4bfd71e\" data-element_type=\"widget\" data-widget_type=\"text-editor.default\">\n\t\t\t\t\t\t\t\t\t<ul>\n \t<li>Parte Coronale\n<ul>\n \t<li>Incremento del tessuto osseo intorno al collo dell\u2019impianto<\/li>\n \t<li>Maggiore superficie<\/li>\n \t<li>Eccellente distribuzione dello stress<\/li>\n \t<li>Minor riassorbimento crestale<\/li>\n<\/ul>\n<\/li>\n<\/ul>\n<ul><br>\n \t<li>Morfologia\n<ul>\n \t<li>Delicato al contatto con l\u2019osso<\/li>\n \t<li>Elevata stabilit\u00e0 primaria<\/li>\n \t<li>Elevata condensazione ossea<\/li>\n \t<li>Consente carico immediato<\/li>\n \t<li>Inserimento veloce e fluido<\/li>\n<\/ul>\n<\/li>\n<\/ul>\n<ul><br>\n \t<li>Parte apicale\n<ul>\n \t<li>Spira affilate e profonde<\/li>\n \t<li>Capacit\u00e0 di ridurre il diametro dell\u2019osteotomia<\/li>\n<\/ul>\n<\/li>\n<\/ul>\t\t\t\t\t\t\t\t<\/div>\n\t\t\t\t<\/div>\n\t\t\t\t<\/div>\n\t\t<div class=\"elementor-element elementor-element-0879fec e-con-full e-flex e-con e-parent\" data-id=\"0879fec\" data-element_type=\"container\">\n\t\t<div class=\"elementor-element elementor-element-1a266ab e-con-full e-flex elementor-invisible e-con e-child\" data-id=\"1a266ab\" data-element_type=\"container\" data-settings=\"{&quot;animation&quot;:&quot;fadeInLeft&quot;}\">\n\t\t\t\t<div class=\"elementor-element elementor-element-f432c02 elementor-widget elementor-widget-image\" data-id=\"f432c02\" data-element_type=\"widget\" data-widget_type=\"image.default\">\n\t\t\t\t\t\t\t\t\t\t\t\t\t\t\t<img decoding=\"async\" width=\"800\" height=\"449\" src=\"https:\/\/normadent.com\/wp-content\/uploads\/2024\/09\/o375-serie-16.9-1024x575.jpg\" class=\"attachment-large size-large wp-image-1872\" alt=\"\" srcset=\"https:\/\/normadent.com\/wp-content\/uploads\/2024\/09\/o375-serie-16.9-1024x575.jpg 1024w, https:\/\/normadent.com\/wp-content\/uploads\/2024\/09\/o375-serie-16.9-300x169.jpg 300w, https:\/\/normadent.com\/wp-content\/uploads\/2024\/09\/o375-serie-16.9-768x432.jpg 768w, https:\/\/normadent.com\/wp-content\/uploads\/2024\/09\/o375-serie-16.9.jpg 1500w\" sizes=\"(max-width: 800px) 100vw, 800px\" \/>\t\t\t\t\t\t\t\t\t\t\t\t\t\t\t<\/div>\n\t\t\t\t<div class=\"elementor-element elementor-element-7e62d24 elementor-widget elementor-widget-heading\" data-id=\"7e62d24\" data-element_type=\"widget\" data-widget_type=\"heading.default\">\n\t\t\t\t\t<p class=\"elementor-heading-title elementor-size-default\">\u00f83,75 serie 16.9<\/p>\t\t\t\t<\/div>\n\t\t\t\t<\/div>\n\t\t<div class=\"elementor-element elementor-element-93db94c e-con-full e-flex elementor-invisible e-con e-child\" data-id=\"93db94c\" data-element_type=\"container\" data-settings=\"{&quot;animation&quot;:&quot;fadeInUp&quot;}\">\n\t\t\t\t<div class=\"elementor-element elementor-element-a680800 elementor-widget elementor-widget-image\" data-id=\"a680800\" data-element_type=\"widget\" data-widget_type=\"image.default\">\n\t\t\t\t\t\t\t\t\t\t\t\t\t\t\t<img decoding=\"async\" width=\"800\" height=\"449\" src=\"https:\/\/normadent.com\/wp-content\/uploads\/2024\/09\/o425-serie-16.9-1024x575.jpg\" class=\"attachment-large size-large wp-image-1873\" alt=\"\" srcset=\"https:\/\/normadent.com\/wp-content\/uploads\/2024\/09\/o425-serie-16.9-1024x575.jpg 1024w, https:\/\/normadent.com\/wp-content\/uploads\/2024\/09\/o425-serie-16.9-300x169.jpg 300w, https:\/\/normadent.com\/wp-content\/uploads\/2024\/09\/o425-serie-16.9-768x432.jpg 768w, https:\/\/normadent.com\/wp-content\/uploads\/2024\/09\/o425-serie-16.9.jpg 1500w\" sizes=\"(max-width: 800px) 100vw, 800px\" \/>\t\t\t\t\t\t\t\t\t\t\t\t\t\t\t<\/div>\n\t\t\t\t<div class=\"elementor-element elementor-element-85e0253 elementor-widget elementor-widget-heading\" data-id=\"85e0253\" data-element_type=\"widget\" data-widget_type=\"heading.default\">\n\t\t\t\t\t<p class=\"elementor-heading-title elementor-size-default\">\u00f84,25 serie 16.9<\/p>\t\t\t\t<\/div>\n\t\t\t\t<\/div>\n\t\t<div class=\"elementor-element elementor-element-5d7fe6b e-con-full e-flex elementor-invisible e-con e-child\" data-id=\"5d7fe6b\" data-element_type=\"container\" data-settings=\"{&quot;animation&quot;:&quot;fadeInRight&quot;}\">\n\t\t\t\t<div class=\"elementor-element elementor-element-cd7e277 elementor-widget elementor-widget-image\" data-id=\"cd7e277\" data-element_type=\"widget\" data-widget_type=\"image.default\">\n\t\t\t\t\t\t\t\t\t\t\t\t\t\t\t<img loading=\"lazy\" decoding=\"async\" width=\"800\" height=\"449\" src=\"https:\/\/normadent.com\/wp-content\/uploads\/2024\/09\/o50-serie-16.9-1024x575.jpg\" class=\"attachment-large size-large wp-image-1874\" alt=\"\" srcset=\"https:\/\/normadent.com\/wp-content\/uploads\/2024\/09\/o50-serie-16.9-1024x575.jpg 1024w, https:\/\/normadent.com\/wp-content\/uploads\/2024\/09\/o50-serie-16.9-300x169.jpg 300w, https:\/\/normadent.com\/wp-content\/uploads\/2024\/09\/o50-serie-16.9-768x432.jpg 768w, https:\/\/normadent.com\/wp-content\/uploads\/2024\/09\/o50-serie-16.9.jpg 1500w\" sizes=\"(max-width: 800px) 100vw, 800px\" \/>\t\t\t\t\t\t\t\t\t\t\t\t\t\t\t<\/div>\n\t\t\t\t<div class=\"elementor-element elementor-element-75ba308 elementor-widget elementor-widget-heading\" data-id=\"75ba308\" data-element_type=\"widget\" data-widget_type=\"heading.default\">\n\t\t\t\t\t<p class=\"elementor-heading-title elementor-size-default\">\u00f85,0 serie 16.<\/p>\t\t\t\t<\/div>\n\t\t\t\t<\/div>\n\t\t\t\t<\/div>\n\t\t<div class=\"elementor-element elementor-element-b66b7cd e-con-full e-flex e-con e-parent\" data-id=\"b66b7cd\" data-element_type=\"container\">\n\t\t\t\t<div class=\"elementor-element elementor-element-93d37f8 elementor-widget elementor-widget-template\" data-id=\"93d37f8\" data-element_type=\"widget\" data-widget_type=\"template.default\">\n\t\t\t\t<div class=\"elementor-widget-container\">\n\t\t\t\t\t\t\t<div class=\"elementor-template\">\n\t\t\t\t\t<div data-elementor-type=\"section\" data-elementor-id=\"1957\" class=\"elementor elementor-1957 elementor-189\" data-elementor-post-type=\"elementor_library\">\n\t\t\t<div class=\"elementor-element elementor-element-539d192 e-con-full e-flex e-con e-parent\" data-id=\"539d192\" data-element_type=\"container\" data-settings=\"{&quot;background_background&quot;:&quot;classic&quot;}\">\n\t\t<div class=\"elementor-element elementor-element-749f9b3 e-con-full e-flex elementor-invisible e-con e-child\" data-id=\"749f9b3\" data-element_type=\"container\" data-settings=\"{&quot;animation&quot;:&quot;fadeInUp&quot;}\">\n\t\t\t\t<div class=\"elementor-element elementor-element-315fb02 elementor-widget elementor-widget-heading\" data-id=\"315fb02\" data-element_type=\"widget\" data-widget_type=\"heading.default\">\n\t\t\t\t\t<h2 class=\"elementor-heading-title elementor-size-default\">Products<\/h2>\t\t\t\t<\/div>\n\t\t\t\t<div class=\"elementor-element elementor-element-efb9675 elementor-widget elementor-widget-text-editor\" data-id=\"efb9675\" data-element_type=\"widget\" data-widget_type=\"text-editor.default\">\n\t\t\t\t\t\t\t\t\t<p>Normadent has designed, developed and marketed everything needed to support the clinician in every situation. Our company supplies high quality components, conveying confidence and reliability to the clinician.<br \/>To ensure the success of the work carried out, Normadent offers various prosthetic solutions.<\/p>\t\t\t\t\t\t\t\t<\/div>\n\t\t\t\t<\/div>\n\t\t<div class=\"elementor-element elementor-element-70b9ff6 e-con-full e-flex elementor-invisible e-con e-child\" data-id=\"70b9ff6\" data-element_type=\"container\" data-settings=\"{&quot;animation&quot;:&quot;fadeInLeft&quot;}\">\n\t\t\t\t<div class=\"elementor-element elementor-element-758d945 elementor-widget elementor-widget-image\" data-id=\"758d945\" data-element_type=\"widget\" data-widget_type=\"image.default\">\n\t\t\t\t\t\t\t\t\t\t\t\t\t\t\t\t<a href=\"https:\/\/normadent.com\/en\/products\/implants\/\">\n\t\t\t\t\t\t\t<img loading=\"lazy\" decoding=\"async\" width=\"640\" height=\"640\" src=\"https:\/\/normadent.com\/wp-content\/uploads\/2024\/09\/Link-Impianti-.jpg\" class=\"attachment-large size-large wp-image-1853\" alt=\"\" srcset=\"https:\/\/normadent.com\/wp-content\/uploads\/2024\/09\/Link-Impianti-.jpg 640w, https:\/\/normadent.com\/wp-content\/uploads\/2024\/09\/Link-Impianti--300x300.jpg 300w, https:\/\/normadent.com\/wp-content\/uploads\/2024\/09\/Link-Impianti--150x150.jpg 150w\" sizes=\"(max-width: 640px) 100vw, 640px\" \/>\t\t\t\t\t\t\t\t<\/a>\n\t\t\t\t\t\t\t\t\t\t\t\t\t\t\t<\/div>\n\t\t\t\t<\/div>\n\t\t<div class=\"elementor-element elementor-element-71889e7 e-con-full e-flex elementor-invisible e-con e-child\" data-id=\"71889e7\" data-element_type=\"container\" data-settings=\"{&quot;animation&quot;:&quot;fadeInUp&quot;}\">\n\t\t\t\t<div class=\"elementor-element elementor-element-5cf5e55 elementor-widget elementor-widget-image\" data-id=\"5cf5e55\" data-element_type=\"widget\" data-widget_type=\"image.default\">\n\t\t\t\t\t\t\t\t\t\t\t\t\t\t\t\t<a href=\"https:\/\/normadent.com\/en\/products\/prosthetics\/\">\n\t\t\t\t\t\t\t<img loading=\"lazy\" decoding=\"async\" width=\"640\" height=\"640\" src=\"https:\/\/normadent.com\/wp-content\/uploads\/2024\/09\/Link-Protesica.jpg\" class=\"attachment-large size-large wp-image-1854\" alt=\"\" srcset=\"https:\/\/normadent.com\/wp-content\/uploads\/2024\/09\/Link-Protesica.jpg 640w, https:\/\/normadent.com\/wp-content\/uploads\/2024\/09\/Link-Protesica-300x300.jpg 300w, https:\/\/normadent.com\/wp-content\/uploads\/2024\/09\/Link-Protesica-150x150.jpg 150w\" sizes=\"(max-width: 640px) 100vw, 640px\" \/>\t\t\t\t\t\t\t\t<\/a>\n\t\t\t\t\t\t\t\t\t\t\t\t\t\t\t<\/div>\n\t\t\t\t<\/div>\n\t\t<div class=\"elementor-element elementor-element-81b0827 e-con-full e-flex elementor-invisible e-con e-child\" data-id=\"81b0827\" data-element_type=\"container\" data-settings=\"{&quot;animation&quot;:&quot;fadeInRight&quot;}\">\n\t\t\t\t<div class=\"elementor-element elementor-element-fdb15d6 elementor-widget elementor-widget-image\" data-id=\"fdb15d6\" data-element_type=\"widget\" data-widget_type=\"image.default\">\n\t\t\t\t\t\t\t\t\t\t\t\t\t\t\t\t<a href=\"https:\/\/normadent.com\/en\/products\/accessories\/\">\n\t\t\t\t\t\t\t<img loading=\"lazy\" decoding=\"async\" width=\"640\" height=\"640\" src=\"https:\/\/normadent.com\/wp-content\/uploads\/2024\/09\/link-strumenitaccessori.jpg\" class=\"attachment-large size-large wp-image-1855\" alt=\"\" srcset=\"https:\/\/normadent.com\/wp-content\/uploads\/2024\/09\/link-strumenitaccessori.jpg 640w, https:\/\/normadent.com\/wp-content\/uploads\/2024\/09\/link-strumenitaccessori-300x300.jpg 300w, https:\/\/normadent.com\/wp-content\/uploads\/2024\/09\/link-strumenitaccessori-150x150.jpg 150w\" sizes=\"(max-width: 640px) 100vw, 640px\" \/>\t\t\t\t\t\t\t\t<\/a>\n\t\t\t\t\t\t\t\t\t\t\t\t\t\t\t<\/div>\n\t\t\t\t<\/div>\n\t\t<div class=\"elementor-element elementor-element-061dcc3 e-con-full elementor-hidden-desktop elementor-hidden-tablet elementor-hidden-mobile e-flex elementor-invisible e-con e-child\" data-id=\"061dcc3\" data-element_type=\"container\" data-settings=\"{&quot;animation&quot;:&quot;fadeInUp&quot;}\">\n\t\t\t\t<div class=\"elementor-element elementor-element-1048427 elementor-widget elementor-widget-template\" data-id=\"1048427\" data-element_type=\"widget\" data-widget_type=\"template.default\">\n\t\t\t\t<div class=\"elementor-widget-container\">\n\t\t\t\t\t\t\t<div class=\"elementor-template\">\n\t\t\t\t\t<div data-elementor-type=\"section\" data-elementor-id=\"1975\" class=\"elementor elementor-1975 elementor-100\" data-elementor-post-type=\"elementor_library\">\n\t\t\t<div class=\"elementor-element elementor-element-80d862a e-con-full e-flex e-con e-child\" data-id=\"80d862a\" data-element_type=\"container\">\n\t\t\t\t<div class=\"elementor-element elementor-element-7a92816 elementor-widget elementor-widget-button\" data-id=\"7a92816\" data-element_type=\"widget\" data-widget_type=\"button.default\">\n\t\t\t\t\t\t\t\t\t\t<a class=\"elementor-button elementor-button-link elementor-size-sm\" href=\"#contatti\">\n\t\t\t\t\t\t<span class=\"elementor-button-content-wrapper\">\n\t\t\t\t\t\t\t\t\t<span class=\"elementor-button-text\">Contact us<\/span>\n\t\t\t\t\t<\/span>\n\t\t\t\t\t<\/a>\n\t\t\t\t\t\t\t\t<\/div>\n\t\t\t\t<div class=\"elementor-element elementor-element-e295fc3 elementor-widget elementor-widget-button\" data-id=\"e295fc3\" data-element_type=\"widget\" data-widget_type=\"button.default\">\n\t\t\t\t\t\t\t\t\t\t<a class=\"elementor-button elementor-button-link elementor-size-sm\" href=\"tel:+390362551411\">\n\t\t\t\t\t\t<span class=\"elementor-button-content-wrapper\">\n\t\t\t\t\t\t\t\t\t<span class=\"elementor-button-text\">Call us<\/span>\n\t\t\t\t\t<\/span>\n\t\t\t\t\t<\/a>\n\t\t\t\t\t\t\t\t<\/div>\n\t\t\t\t<\/div>\n\t\t\t\t<\/div>\n\t\t\t\t<\/div>\n\t\t\t\t\t\t<\/div>\n\t\t\t\t<\/div>\n\t\t\t\t<\/div>\n\t\t\t\t<\/div>\n\t\t\t\t<\/div>\n\t\t\t\t<\/div>\n\t\t\t\t\t\t<\/div>\n\t\t\t\t<\/div>\n\t\t\t\t<\/div>\n\t\t\t\t<\/div>\n\t\t","protected":false},"excerpt":{"rendered":"<p>Linea 2P Regular MATERIA PRIMA 2P regular realizzato in Titanio Gr. 4 medicale TRATTAMENTO SUPERFICIALE 2P Regular DAE un processo di doppia acidificazione con pulizia Argon CONNESSIONE 2P Regular\u00a0 connessione esagonale universal PROPOSTE 2P Regular Diametri: \u00f83,75 &#8211; \u00f84,25 &#8211; \u00f85,0 Lunghezze: 8mm &#8211; 10mm &#8211; 12mm &#8211; 14mm CARATTERISTICHE Parte Coronale Microspire continue Bone [&hellip;]<\/p>\n","protected":false},"author":1,"featured_media":0,"parent":2013,"menu_order":0,"comment_status":"closed","ping_status":"closed","template":"","meta":{"footnotes":""},"class_list":["post-2032","page","type-page","status-publish","hentry"],"_links":{"self":[{"href":"https:\/\/normadent.com\/en\/wp-json\/wp\/v2\/pages\/2032","targetHints":{"allow":["GET"]}}],"collection":[{"href":"https:\/\/normadent.com\/en\/wp-json\/wp\/v2\/pages"}],"about":[{"href":"https:\/\/normadent.com\/en\/wp-json\/wp\/v2\/types\/page"}],"author":[{"embeddable":true,"href":"https:\/\/normadent.com\/en\/wp-json\/wp\/v2\/users\/1"}],"replies":[{"embeddable":true,"href":"https:\/\/normadent.com\/en\/wp-json\/wp\/v2\/comments?post=2032"}],"version-history":[{"count":0,"href":"https:\/\/normadent.com\/en\/wp-json\/wp\/v2\/pages\/2032\/revisions"}],"up":[{"embeddable":true,"href":"https:\/\/normadent.com\/en\/wp-json\/wp\/v2\/pages\/2013"}],"wp:attachment":[{"href":"https:\/\/normadent.com\/en\/wp-json\/wp\/v2\/media?parent=2032"}],"curies":[{"name":"wp","href":"https:\/\/api.w.org\/{rel}","templated":true}]}}