{"id":2017,"date":"2024-09-09T11:18:23","date_gmt":"2024-09-09T11:18:23","guid":{"rendered":"https:\/\/reverent-banzai.185-221-174-234.plesk.page\/prodotti\/impianti\/linea-cm-2p\/"},"modified":"2025-01-29T09:50:06","modified_gmt":"2025-01-29T09:50:06","slug":"linea-cm-2p","status":"publish","type":"page","link":"https:\/\/normadent.com\/en\/products\/implants\/linea-cm-2p\/","title":{"rendered":"Impianti CM2P"},"content":{"rendered":"\t\t<div data-elementor-type=\"wp-page\" data-elementor-id=\"2017\" class=\"elementor elementor-2017 elementor-322\" data-elementor-post-type=\"page\">\n\t\t\t\t<div class=\"elementor-element elementor-element-0350f56 e-con-full e-flex e-con e-parent\" data-id=\"0350f56\" data-element_type=\"container\" data-settings=\"{&quot;background_background&quot;:&quot;classic&quot;}\">\n\t\t\t\t<div class=\"elementor-element elementor-element-0a6d404 elementor-widget elementor-widget-spacer\" data-id=\"0a6d404\" data-element_type=\"widget\" data-widget_type=\"spacer.default\">\n\t\t\t\t\t\t\t<div class=\"elementor-spacer\">\n\t\t\t<div class=\"elementor-spacer-inner\"><\/div>\n\t\t<\/div>\n\t\t\t\t\t\t<\/div>\n\t\t\t\t<\/div>\n\t\t<div class=\"elementor-element elementor-element-3b00f16 e-con-full e-flex e-con e-parent\" data-id=\"3b00f16\" data-element_type=\"container\">\n\t\t<div class=\"elementor-element elementor-element-a1c1037 e-con-full e-flex elementor-invisible e-con e-child\" data-id=\"a1c1037\" data-element_type=\"container\" data-settings=\"{&quot;animation&quot;:&quot;fadeInLeft&quot;}\">\n\t\t\t\t<div class=\"elementor-element elementor-element-703f01d elementor-widget elementor-widget-heading\" data-id=\"703f01d\" data-element_type=\"widget\" data-widget_type=\"heading.default\">\n\t\t\t\t\t<h1 class=\"elementor-heading-title elementor-size-default\">Linea CM-2P <\/h1>\t\t\t\t<\/div>\n\t\t\t\t<div class=\"elementor-element elementor-element-760c9df elementor-widget elementor-widget-heading\" data-id=\"760c9df\" data-element_type=\"widget\" data-widget_type=\"heading.default\">\n\t\t\t\t\t<p class=\"elementor-heading-title elementor-size-default\">MATERIALE DI COSTRUZIONE <\/p>\t\t\t\t<\/div>\n\t\t\t\t<div class=\"elementor-element elementor-element-e42e7db elementor-widget elementor-widget-text-editor\" data-id=\"e42e7db\" data-element_type=\"widget\" data-widget_type=\"text-editor.default\">\n\t\t\t\t\t\t\t\t\t<p class=\"Corpo\">CM-2P realizzato in Titanio Gr. 4<\/p>\t\t\t\t\t\t\t\t<\/div>\n\t\t\t\t<div class=\"elementor-element elementor-element-0317013 elementor-widget elementor-widget-heading\" data-id=\"0317013\" data-element_type=\"widget\" data-widget_type=\"heading.default\">\n\t\t\t\t\t<p class=\"elementor-heading-title elementor-size-default\">TRATTAMENTO SUPERFICIALE  <\/p>\t\t\t\t<\/div>\n\t\t\t\t<div class=\"elementor-element elementor-element-89b765d elementor-widget elementor-widget-text-editor\" data-id=\"89b765d\" data-element_type=\"widget\" data-widget_type=\"text-editor.default\">\n\t\t\t\t\t\t\t\t\t<p class=\"Corpo\">CM-2P DAE un processo di doppia acidificazione con pulizia Argon<\/p>\t\t\t\t\t\t\t\t<\/div>\n\t\t\t\t<div class=\"elementor-element elementor-element-3bdc7fe elementor-widget elementor-widget-heading\" data-id=\"3bdc7fe\" data-element_type=\"widget\" data-widget_type=\"heading.default\">\n\t\t\t\t\t<p class=\"elementor-heading-title elementor-size-default\">CONNESSIONE <\/p>\t\t\t\t<\/div>\n\t\t\t\t<div class=\"elementor-element elementor-element-6ce2a1e elementor-widget elementor-widget-text-editor\" data-id=\"6ce2a1e\" data-element_type=\"widget\" data-widget_type=\"text-editor.default\">\n\t\t\t\t\t\t\t\t\t<p class=\"Corpo\">CM-2P Conica esagonale<\/p>\t\t\t\t\t\t\t\t<\/div>\n\t\t\t\t<div class=\"elementor-element elementor-element-6b9174c elementor-widget elementor-widget-heading\" data-id=\"6b9174c\" data-element_type=\"widget\" data-widget_type=\"heading.default\">\n\t\t\t\t\t<p class=\"elementor-heading-title elementor-size-default\">PROPOSTE <\/p>\t\t\t\t<\/div>\n\t\t\t\t<div class=\"elementor-element elementor-element-c64ff24 elementor-widget elementor-widget-text-editor\" data-id=\"c64ff24\" data-element_type=\"widget\" data-widget_type=\"text-editor.default\">\n\t\t\t\t\t\t\t\t\t<p>CM-2P<\/p><ul><li><strong>Diametri<\/strong>:\u00a0\u00f82,9 &#8211; \u00f83,8 &#8211; \u00f84,3 &#8211; \u00f85,0<\/li><li><strong>Lunghezze<\/strong>:\u00a06,5mm &#8211; 08mm &#8211; 10mm &#8211; 11,5mm &#8211; 13mm<span class=\"Apple-converted-space\">\u00a0<\/span><\/li><\/ul>\t\t\t\t\t\t\t\t<\/div>\n\t\t\t\t<\/div>\n\t\t<div class=\"elementor-element elementor-element-5c652e1 e-con-full e-flex elementor-invisible e-con e-child\" data-id=\"5c652e1\" data-element_type=\"container\" data-settings=\"{&quot;animation&quot;:&quot;fadeInRight&quot;}\">\n\t\t\t\t<div class=\"elementor-element elementor-element-bbca7d8 elementor-widget elementor-widget-image\" data-id=\"bbca7d8\" data-element_type=\"widget\" data-widget_type=\"image.default\">\n\t\t\t\t\t\t\t\t\t\t\t\t\t\t\t<img fetchpriority=\"high\" decoding=\"async\" width=\"800\" height=\"800\" src=\"https:\/\/normadent.com\/wp-content\/uploads\/2025\/01\/immagine-principale-CM-2P-1024x1024.jpg\" class=\"attachment-large size-large wp-image-2283\" alt=\"\" srcset=\"https:\/\/normadent.com\/wp-content\/uploads\/2025\/01\/immagine-principale-CM-2P-1024x1024.jpg 1024w, https:\/\/normadent.com\/wp-content\/uploads\/2025\/01\/immagine-principale-CM-2P-300x300.jpg 300w, https:\/\/normadent.com\/wp-content\/uploads\/2025\/01\/immagine-principale-CM-2P-150x150.jpg 150w, https:\/\/normadent.com\/wp-content\/uploads\/2025\/01\/immagine-principale-CM-2P-768x768.jpg 768w, https:\/\/normadent.com\/wp-content\/uploads\/2025\/01\/immagine-principale-CM-2P.jpg 1080w\" sizes=\"(max-width: 800px) 100vw, 800px\" \/>\t\t\t\t\t\t\t\t\t\t\t\t\t\t\t<\/div>\n\t\t\t\t<\/div>\n\t\t\t\t<\/div>\n\t\t<div class=\"elementor-element elementor-element-f7bb7a0 e-con-full e-flex e-con e-parent\" data-id=\"f7bb7a0\" data-element_type=\"container\" data-settings=\"{&quot;background_background&quot;:&quot;classic&quot;}\">\n\t\t<div class=\"elementor-element elementor-element-4da367c e-con-full e-flex elementor-invisible e-con e-child\" data-id=\"4da367c\" data-element_type=\"container\" data-settings=\"{&quot;animation&quot;:&quot;fadeInRight&quot;}\">\n\t\t\t\t<div class=\"elementor-element elementor-element-29fc1b2 elementor-widget elementor-widget-heading\" data-id=\"29fc1b2\" data-element_type=\"widget\" data-widget_type=\"heading.default\">\n\t\t\t\t\t<p class=\"elementor-heading-title elementor-size-default\">CARATTERISTICHE<\/p>\t\t\t\t<\/div>\n\t\t\t\t<div class=\"elementor-element elementor-element-7686ebd elementor-widget elementor-widget-text-editor\" data-id=\"7686ebd\" data-element_type=\"widget\" data-widget_type=\"text-editor.default\">\n\t\t\t\t\t\t\t\t\t<ul><li>Parte Coronale<ul><li>Microspire continue<\/li><li>Bone platform shifting<\/li><li>colletto lucido di ridett\u00f2 spessore<\/li><\/ul><\/li><\/ul><ul><li>Morfologia<ul><li>Design conico del corpo e del nucleo<\/li><li>Design osteocondensante<\/li><li>Spire con passo 2,5 mm<\/li><li>Doppio principio di spire<\/li><\/ul><\/li><\/ul><ul><li>Parte apicale<ul><li>Elevata propriet\u00e0 di taglio<\/li><li>Scarico apicale<\/li><\/ul><\/li><\/ul>\t\t\t\t\t\t\t\t<\/div>\n\t\t\t\t<\/div>\n\t\t<div class=\"elementor-element elementor-element-4be7e7c e-con-full e-flex elementor-invisible e-con e-child\" data-id=\"4be7e7c\" data-element_type=\"container\" data-settings=\"{&quot;animation&quot;:&quot;fadeInLeft&quot;}\">\n\t\t\t\t<div class=\"elementor-element elementor-element-ab9a50d elementor-widget elementor-widget-heading\" data-id=\"ab9a50d\" data-element_type=\"widget\" data-widget_type=\"heading.default\">\n\t\t\t\t\t<p class=\"elementor-heading-title elementor-size-default\">VANTAGGI<\/p>\t\t\t\t<\/div>\n\t\t\t\t<div class=\"elementor-element elementor-element-4bfd71e elementor-widget elementor-widget-text-editor\" data-id=\"4bfd71e\" data-element_type=\"widget\" data-widget_type=\"text-editor.default\">\n\t\t\t\t\t\t\t\t\t<ul><li>Parte Coronale<ul><li>Incremento del tessuto osseo intorno al collo dell\u2019impianto<\/li><li>Maggiore superficie\u00a0<\/li><li>Eccellente distribuzione dello stress\u00a0<\/li><\/ul><\/li><\/ul><ul><li>\u00a0Morfologia<ul><li>Delicato al contatto con l\u2019osso<\/li><li>Elevata stabilit\u00e0 primaria<\/li><li>Elevata condensazione ossea<\/li><li>Consente carico immediato<\/li><li>Inserimento veloce e fluido<\/li><\/ul><\/li><\/ul><ul><li>Parte apicale<ul><li>Spira affilate e profonde<\/li><li>Capacit\u00e0 di ridurre il diametro dell\u2019osteotomia<\/li><\/ul><\/li><\/ul>\t\t\t\t\t\t\t\t<\/div>\n\t\t\t\t<\/div>\n\t\t\t\t<\/div>\n\t\t<div class=\"elementor-element elementor-element-0879fec e-con-full e-flex e-con e-parent\" data-id=\"0879fec\" data-element_type=\"container\">\n\t\t<div class=\"elementor-element elementor-element-1a266ab e-con-full e-flex elementor-invisible e-con e-child\" data-id=\"1a266ab\" data-element_type=\"container\" data-settings=\"{&quot;animation&quot;:&quot;fadeInLeft&quot;}\">\n\t\t\t\t<div class=\"elementor-element elementor-element-f432c02 elementor-widget elementor-widget-image\" data-id=\"f432c02\" data-element_type=\"widget\" data-widget_type=\"image.default\">\n\t\t\t\t\t\t\t\t\t\t\t\t\t\t\t<img decoding=\"async\" width=\"800\" height=\"450\" src=\"https:\/\/normadent.com\/wp-content\/uploads\/2025\/01\/o29-CM2P-serie-16.9-1024x576.jpg\" class=\"attachment-large size-large wp-image-2364\" alt=\"\" srcset=\"https:\/\/normadent.com\/wp-content\/uploads\/2025\/01\/o29-CM2P-serie-16.9-1024x576.jpg 1024w, https:\/\/normadent.com\/wp-content\/uploads\/2025\/01\/o29-CM2P-serie-16.9-300x169.jpg 300w, https:\/\/normadent.com\/wp-content\/uploads\/2025\/01\/o29-CM2P-serie-16.9-768x432.jpg 768w, https:\/\/normadent.com\/wp-content\/uploads\/2025\/01\/o29-CM2P-serie-16.9-1536x863.jpg 1536w, https:\/\/normadent.com\/wp-content\/uploads\/2025\/01\/o29-CM2P-serie-16.9.jpg 1900w\" sizes=\"(max-width: 800px) 100vw, 800px\" \/>\t\t\t\t\t\t\t\t\t\t\t\t\t\t\t<\/div>\n\t\t\t\t<div class=\"elementor-element elementor-element-7e62d24 elementor-widget elementor-widget-heading\" data-id=\"7e62d24\" data-element_type=\"widget\" data-widget_type=\"heading.default\">\n\t\t\t\t\t<p class=\"elementor-heading-title elementor-size-default\">\u00f82,9 serie 16.9<\/p>\t\t\t\t<\/div>\n\t\t\t\t<\/div>\n\t\t<div class=\"elementor-element elementor-element-aa59c4f e-con-full e-flex elementor-invisible e-con e-child\" data-id=\"aa59c4f\" data-element_type=\"container\" data-settings=\"{&quot;animation&quot;:&quot;fadeInLeft&quot;}\">\n\t\t\t\t<div class=\"elementor-element elementor-element-6742a74 elementor-widget elementor-widget-image\" data-id=\"6742a74\" data-element_type=\"widget\" data-widget_type=\"image.default\">\n\t\t\t\t\t\t\t\t\t\t\t\t\t\t\t<img decoding=\"async\" width=\"800\" height=\"450\" src=\"https:\/\/normadent.com\/wp-content\/uploads\/2025\/01\/o38-CM2P-serie-16.9-1024x576.jpg\" class=\"attachment-large size-large wp-image-2366\" alt=\"\" srcset=\"https:\/\/normadent.com\/wp-content\/uploads\/2025\/01\/o38-CM2P-serie-16.9-1024x576.jpg 1024w, https:\/\/normadent.com\/wp-content\/uploads\/2025\/01\/o38-CM2P-serie-16.9-300x169.jpg 300w, https:\/\/normadent.com\/wp-content\/uploads\/2025\/01\/o38-CM2P-serie-16.9-768x432.jpg 768w, https:\/\/normadent.com\/wp-content\/uploads\/2025\/01\/o38-CM2P-serie-16.9-1536x863.jpg 1536w, https:\/\/normadent.com\/wp-content\/uploads\/2025\/01\/o38-CM2P-serie-16.9.jpg 1900w\" sizes=\"(max-width: 800px) 100vw, 800px\" \/>\t\t\t\t\t\t\t\t\t\t\t\t\t\t\t<\/div>\n\t\t\t\t<div class=\"elementor-element elementor-element-06fa419 elementor-widget elementor-widget-heading\" data-id=\"06fa419\" data-element_type=\"widget\" data-widget_type=\"heading.default\">\n\t\t\t\t\t<p class=\"elementor-heading-title elementor-size-default\">\u00f83,8 serie 16.9<\/p>\t\t\t\t<\/div>\n\t\t\t\t<\/div>\n\t\t<div class=\"elementor-element elementor-element-1eef906 e-con-full e-flex elementor-invisible e-con e-child\" data-id=\"1eef906\" data-element_type=\"container\" data-settings=\"{&quot;animation&quot;:&quot;fadeInLeft&quot;}\">\n\t\t\t\t<div class=\"elementor-element elementor-element-6847788 elementor-widget elementor-widget-image\" data-id=\"6847788\" data-element_type=\"widget\" data-widget_type=\"image.default\">\n\t\t\t\t\t\t\t\t\t\t\t\t\t\t\t<img loading=\"lazy\" decoding=\"async\" width=\"800\" height=\"450\" src=\"https:\/\/normadent.com\/wp-content\/uploads\/2025\/01\/o43-CM2P-serie-16.9-1024x576.jpg\" class=\"attachment-large size-large wp-image-2368\" alt=\"\" srcset=\"https:\/\/normadent.com\/wp-content\/uploads\/2025\/01\/o43-CM2P-serie-16.9-1024x576.jpg 1024w, https:\/\/normadent.com\/wp-content\/uploads\/2025\/01\/o43-CM2P-serie-16.9-300x169.jpg 300w, https:\/\/normadent.com\/wp-content\/uploads\/2025\/01\/o43-CM2P-serie-16.9-768x432.jpg 768w, https:\/\/normadent.com\/wp-content\/uploads\/2025\/01\/o43-CM2P-serie-16.9-1536x863.jpg 1536w, https:\/\/normadent.com\/wp-content\/uploads\/2025\/01\/o43-CM2P-serie-16.9.jpg 1900w\" sizes=\"(max-width: 800px) 100vw, 800px\" \/>\t\t\t\t\t\t\t\t\t\t\t\t\t\t\t<\/div>\n\t\t\t\t<div class=\"elementor-element elementor-element-a4b82ba elementor-widget elementor-widget-heading\" data-id=\"a4b82ba\" data-element_type=\"widget\" data-widget_type=\"heading.default\">\n\t\t\t\t\t<p class=\"elementor-heading-title elementor-size-default\">\u00f84,3 serie 16.9<\/p>\t\t\t\t<\/div>\n\t\t\t\t<\/div>\n\t\t<div class=\"elementor-element elementor-element-7758d6f e-con-full e-flex elementor-invisible e-con e-child\" data-id=\"7758d6f\" data-element_type=\"container\" data-settings=\"{&quot;animation&quot;:&quot;fadeInLeft&quot;}\">\n\t\t\t\t<div class=\"elementor-element elementor-element-05749fa elementor-widget elementor-widget-image\" data-id=\"05749fa\" data-element_type=\"widget\" data-widget_type=\"image.default\">\n\t\t\t\t\t\t\t\t\t\t\t\t\t\t\t<img loading=\"lazy\" decoding=\"async\" width=\"800\" height=\"450\" src=\"https:\/\/normadent.com\/wp-content\/uploads\/2025\/01\/o50-CM2P-serie-16.9-1024x576.jpg\" class=\"attachment-large size-large wp-image-2370\" alt=\"\" srcset=\"https:\/\/normadent.com\/wp-content\/uploads\/2025\/01\/o50-CM2P-serie-16.9-1024x576.jpg 1024w, https:\/\/normadent.com\/wp-content\/uploads\/2025\/01\/o50-CM2P-serie-16.9-300x169.jpg 300w, https:\/\/normadent.com\/wp-content\/uploads\/2025\/01\/o50-CM2P-serie-16.9-768x432.jpg 768w, https:\/\/normadent.com\/wp-content\/uploads\/2025\/01\/o50-CM2P-serie-16.9-1536x863.jpg 1536w, https:\/\/normadent.com\/wp-content\/uploads\/2025\/01\/o50-CM2P-serie-16.9.jpg 1900w\" sizes=\"(max-width: 800px) 100vw, 800px\" \/>\t\t\t\t\t\t\t\t\t\t\t\t\t\t\t<\/div>\n\t\t\t\t<div class=\"elementor-element elementor-element-062152e elementor-widget elementor-widget-heading\" data-id=\"062152e\" data-element_type=\"widget\" data-widget_type=\"heading.default\">\n\t\t\t\t\t<p class=\"elementor-heading-title elementor-size-default\">\u00f85,0 serie 16.9<\/p>\t\t\t\t<\/div>\n\t\t\t\t<\/div>\n\t\t\t\t<\/div>\n\t\t<div class=\"elementor-element elementor-element-b66b7cd e-con-full e-flex e-con e-parent\" data-id=\"b66b7cd\" data-element_type=\"container\">\n\t\t\t\t<div class=\"elementor-element elementor-element-93d37f8 elementor-widget elementor-widget-template\" data-id=\"93d37f8\" data-element_type=\"widget\" data-widget_type=\"template.default\">\n\t\t\t\t<div class=\"elementor-widget-container\">\n\t\t\t\t\t\t\t<div class=\"elementor-template\">\n\t\t\t\t\t<div data-elementor-type=\"section\" data-elementor-id=\"1957\" class=\"elementor elementor-1957 elementor-189\" data-elementor-post-type=\"elementor_library\">\n\t\t\t<div class=\"elementor-element elementor-element-539d192 e-con-full e-flex e-con e-parent\" data-id=\"539d192\" data-element_type=\"container\" data-settings=\"{&quot;background_background&quot;:&quot;classic&quot;}\">\n\t\t<div class=\"elementor-element elementor-element-749f9b3 e-con-full e-flex elementor-invisible e-con e-child\" data-id=\"749f9b3\" data-element_type=\"container\" data-settings=\"{&quot;animation&quot;:&quot;fadeInUp&quot;}\">\n\t\t\t\t<div class=\"elementor-element elementor-element-315fb02 elementor-widget elementor-widget-heading\" data-id=\"315fb02\" data-element_type=\"widget\" data-widget_type=\"heading.default\">\n\t\t\t\t\t<h2 class=\"elementor-heading-title elementor-size-default\">Products<\/h2>\t\t\t\t<\/div>\n\t\t\t\t<div class=\"elementor-element elementor-element-efb9675 elementor-widget elementor-widget-text-editor\" data-id=\"efb9675\" data-element_type=\"widget\" data-widget_type=\"text-editor.default\">\n\t\t\t\t\t\t\t\t\t<p>Normadent has designed, developed and marketed everything needed to support the clinician in every situation. Our company supplies high quality components, conveying confidence and reliability to the clinician.<br \/>To ensure the success of the work carried out, Normadent offers various prosthetic solutions.<\/p>\t\t\t\t\t\t\t\t<\/div>\n\t\t\t\t<\/div>\n\t\t<div class=\"elementor-element elementor-element-70b9ff6 e-con-full e-flex elementor-invisible e-con e-child\" data-id=\"70b9ff6\" data-element_type=\"container\" data-settings=\"{&quot;animation&quot;:&quot;fadeInLeft&quot;}\">\n\t\t\t\t<div class=\"elementor-element elementor-element-758d945 elementor-widget elementor-widget-image\" data-id=\"758d945\" data-element_type=\"widget\" data-widget_type=\"image.default\">\n\t\t\t\t\t\t\t\t\t\t\t\t\t\t\t\t<a href=\"https:\/\/normadent.com\/en\/products\/implants\/\">\n\t\t\t\t\t\t\t<img loading=\"lazy\" decoding=\"async\" width=\"640\" height=\"640\" src=\"https:\/\/normadent.com\/wp-content\/uploads\/2024\/09\/Link-Impianti-.jpg\" class=\"attachment-large size-large wp-image-1853\" alt=\"\" srcset=\"https:\/\/normadent.com\/wp-content\/uploads\/2024\/09\/Link-Impianti-.jpg 640w, https:\/\/normadent.com\/wp-content\/uploads\/2024\/09\/Link-Impianti--300x300.jpg 300w, https:\/\/normadent.com\/wp-content\/uploads\/2024\/09\/Link-Impianti--150x150.jpg 150w\" sizes=\"(max-width: 640px) 100vw, 640px\" \/>\t\t\t\t\t\t\t\t<\/a>\n\t\t\t\t\t\t\t\t\t\t\t\t\t\t\t<\/div>\n\t\t\t\t<\/div>\n\t\t<div class=\"elementor-element elementor-element-71889e7 e-con-full e-flex elementor-invisible e-con e-child\" data-id=\"71889e7\" data-element_type=\"container\" data-settings=\"{&quot;animation&quot;:&quot;fadeInUp&quot;}\">\n\t\t\t\t<div class=\"elementor-element elementor-element-5cf5e55 elementor-widget elementor-widget-image\" data-id=\"5cf5e55\" data-element_type=\"widget\" data-widget_type=\"image.default\">\n\t\t\t\t\t\t\t\t\t\t\t\t\t\t\t\t<a href=\"https:\/\/normadent.com\/en\/products\/prosthetics\/\">\n\t\t\t\t\t\t\t<img loading=\"lazy\" decoding=\"async\" width=\"640\" height=\"640\" src=\"https:\/\/normadent.com\/wp-content\/uploads\/2024\/09\/Link-Protesica.jpg\" class=\"attachment-large size-large wp-image-1854\" alt=\"\" srcset=\"https:\/\/normadent.com\/wp-content\/uploads\/2024\/09\/Link-Protesica.jpg 640w, https:\/\/normadent.com\/wp-content\/uploads\/2024\/09\/Link-Protesica-300x300.jpg 300w, https:\/\/normadent.com\/wp-content\/uploads\/2024\/09\/Link-Protesica-150x150.jpg 150w\" sizes=\"(max-width: 640px) 100vw, 640px\" \/>\t\t\t\t\t\t\t\t<\/a>\n\t\t\t\t\t\t\t\t\t\t\t\t\t\t\t<\/div>\n\t\t\t\t<\/div>\n\t\t<div class=\"elementor-element elementor-element-81b0827 e-con-full e-flex elementor-invisible e-con e-child\" data-id=\"81b0827\" data-element_type=\"container\" data-settings=\"{&quot;animation&quot;:&quot;fadeInRight&quot;}\">\n\t\t\t\t<div class=\"elementor-element elementor-element-fdb15d6 elementor-widget elementor-widget-image\" data-id=\"fdb15d6\" data-element_type=\"widget\" data-widget_type=\"image.default\">\n\t\t\t\t\t\t\t\t\t\t\t\t\t\t\t\t<a href=\"https:\/\/normadent.com\/en\/products\/accessories\/\">\n\t\t\t\t\t\t\t<img loading=\"lazy\" decoding=\"async\" width=\"640\" height=\"640\" src=\"https:\/\/normadent.com\/wp-content\/uploads\/2024\/09\/link-strumenitaccessori.jpg\" class=\"attachment-large size-large wp-image-1855\" alt=\"\" srcset=\"https:\/\/normadent.com\/wp-content\/uploads\/2024\/09\/link-strumenitaccessori.jpg 640w, https:\/\/normadent.com\/wp-content\/uploads\/2024\/09\/link-strumenitaccessori-300x300.jpg 300w, https:\/\/normadent.com\/wp-content\/uploads\/2024\/09\/link-strumenitaccessori-150x150.jpg 150w\" sizes=\"(max-width: 640px) 100vw, 640px\" \/>\t\t\t\t\t\t\t\t<\/a>\n\t\t\t\t\t\t\t\t\t\t\t\t\t\t\t<\/div>\n\t\t\t\t<\/div>\n\t\t<div class=\"elementor-element elementor-element-061dcc3 e-con-full elementor-hidden-desktop elementor-hidden-tablet elementor-hidden-mobile e-flex elementor-invisible e-con e-child\" data-id=\"061dcc3\" data-element_type=\"container\" data-settings=\"{&quot;animation&quot;:&quot;fadeInUp&quot;}\">\n\t\t\t\t<div class=\"elementor-element elementor-element-1048427 elementor-widget elementor-widget-template\" data-id=\"1048427\" data-element_type=\"widget\" data-widget_type=\"template.default\">\n\t\t\t\t<div class=\"elementor-widget-container\">\n\t\t\t\t\t\t\t<div class=\"elementor-template\">\n\t\t\t\t\t<div data-elementor-type=\"section\" data-elementor-id=\"1975\" class=\"elementor elementor-1975 elementor-100\" data-elementor-post-type=\"elementor_library\">\n\t\t\t<div class=\"elementor-element elementor-element-80d862a e-con-full e-flex e-con e-child\" data-id=\"80d862a\" data-element_type=\"container\">\n\t\t\t\t<div class=\"elementor-element elementor-element-7a92816 elementor-widget elementor-widget-button\" data-id=\"7a92816\" data-element_type=\"widget\" data-widget_type=\"button.default\">\n\t\t\t\t\t\t\t\t\t\t<a class=\"elementor-button elementor-button-link elementor-size-sm\" href=\"#contatti\">\n\t\t\t\t\t\t<span class=\"elementor-button-content-wrapper\">\n\t\t\t\t\t\t\t\t\t<span class=\"elementor-button-text\">Contact us<\/span>\n\t\t\t\t\t<\/span>\n\t\t\t\t\t<\/a>\n\t\t\t\t\t\t\t\t<\/div>\n\t\t\t\t<div class=\"elementor-element elementor-element-e295fc3 elementor-widget elementor-widget-button\" data-id=\"e295fc3\" data-element_type=\"widget\" data-widget_type=\"button.default\">\n\t\t\t\t\t\t\t\t\t\t<a class=\"elementor-button elementor-button-link elementor-size-sm\" href=\"tel:+390362551411\">\n\t\t\t\t\t\t<span class=\"elementor-button-content-wrapper\">\n\t\t\t\t\t\t\t\t\t<span class=\"elementor-button-text\">Call us<\/span>\n\t\t\t\t\t<\/span>\n\t\t\t\t\t<\/a>\n\t\t\t\t\t\t\t\t<\/div>\n\t\t\t\t<\/div>\n\t\t\t\t<\/div>\n\t\t\t\t<\/div>\n\t\t\t\t\t\t<\/div>\n\t\t\t\t<\/div>\n\t\t\t\t<\/div>\n\t\t\t\t<\/div>\n\t\t\t\t<\/div>\n\t\t\t\t<\/div>\n\t\t\t\t\t\t<\/div>\n\t\t\t\t<\/div>\n\t\t\t\t<\/div>\n\t\t\t\t<\/div>\n\t\t","protected":false},"excerpt":{"rendered":"<p>Linea CM-2P MATERIALE DI COSTRUZIONE CM-2P realizzato in Titanio Gr. 4 TRATTAMENTO SUPERFICIALE CM-2P DAE un processo di doppia acidificazione con pulizia Argon CONNESSIONE CM-2P Conica esagonale PROPOSTE CM-2P Diametri:\u00a0\u00f82,9 &#8211; \u00f83,8 &#8211; \u00f84,3 &#8211; \u00f85,0 Lunghezze:\u00a06,5mm &#8211; 08mm &#8211; 10mm &#8211; 11,5mm &#8211; 13mm\u00a0 CARATTERISTICHE Parte Coronale Microspire continue Bone platform shifting colletto lucido [&hellip;]<\/p>\n","protected":false},"author":1,"featured_media":0,"parent":2013,"menu_order":0,"comment_status":"closed","ping_status":"closed","template":"","meta":{"footnotes":""},"class_list":["post-2017","page","type-page","status-publish","hentry"],"_links":{"self":[{"href":"https:\/\/normadent.com\/en\/wp-json\/wp\/v2\/pages\/2017","targetHints":{"allow":["GET"]}}],"collection":[{"href":"https:\/\/normadent.com\/en\/wp-json\/wp\/v2\/pages"}],"about":[{"href":"https:\/\/normadent.com\/en\/wp-json\/wp\/v2\/types\/page"}],"author":[{"embeddable":true,"href":"https:\/\/normadent.com\/en\/wp-json\/wp\/v2\/users\/1"}],"replies":[{"embeddable":true,"href":"https:\/\/normadent.com\/en\/wp-json\/wp\/v2\/comments?post=2017"}],"version-history":[{"count":0,"href":"https:\/\/normadent.com\/en\/wp-json\/wp\/v2\/pages\/2017\/revisions"}],"up":[{"embeddable":true,"href":"https:\/\/normadent.com\/en\/wp-json\/wp\/v2\/pages\/2013"}],"wp:attachment":[{"href":"https:\/\/normadent.com\/en\/wp-json\/wp\/v2\/media?parent=2017"}],"curies":[{"name":"wp","href":"https:\/\/api.w.org\/{rel}","templated":true}]}}